{"id":7852,"date":"2020-05-09T17:10:08","date_gmt":"2020-05-09T15:10:08","guid":{"rendered":"https:\/\/www.reitstall-lugge.de\/?page_id=7852"},"modified":"2021-03-06T23:31:35","modified_gmt":"2021-03-06T22:31:35","slug":"hinweis-zu-corona","status":"publish","type":"page","link":"https:\/\/luggenetwork.de\/lugge2\/angebote\/hinweis-zu-corona\/","title":{"rendered":"Hinweis zu Corona"},"content":{"rendered":"<h2><a href=\"https:\/\/reitstall-lugge.de\/wp-content\/uploads\/sites\/3\/2014\/12\/20140329-_IMG0031.jpg\"><img loading=\"lazy\" decoding=\"async\" class=\"alignleft wp-image-2428 size-full\" src=\"https:\/\/reitstall-lugge.de\/wp-content\/uploads\/sites\/3\/2014\/12\/20140329-_IMG0031.jpg\" alt=\"\" width=\"132\" height=\"200\" data-wp-editing=\"1\"><\/a><\/h2>\n<h2>Liebe Reitsch\u00fcler,<br \/>\nLiebe Eltern,<\/h2>\n<p>ab dem 22. Februar 2021 d\u00fcrfen wir den Reitunterricht (vorerst nur <a href=\"https:\/\/reitstall-lugge.de\/es-geht-wieder-los-2\/\">Einzelunterricht<\/a>) sowie das <a href=\"https:\/\/reitstall-lugge.de\/angebote\/bambinireiten\/\">Bambinireiten<\/a> wieder aufnehmen. Auch das freie Reiten (ohne Unterricht, aber unter Aufsicht) f\u00fcr unsere fortgeschrittenen Reitsch\u00fcler ist weiterhin m\u00f6glich.&nbsp;<\/p>\n<p>Dies wird aber aufgrund der noch immer realen Risiken durch das Coronavirus Covid-19 nur mit Einhaltung bestimmter Regeln und gegenseitige R\u00fccksichtnahme erfolgen k\u00f6nnen.<\/p>\n<p><strong>Es gelten daher die folgenden Regeln:<\/strong><\/p>\n<ul>\n<li>F\u00fcr den Einzelunterricht und das freie Reiten d\u00fcrfen sich nur Reitsch\u00fcler anmelden, die\n<ul>\n<li>bereits vor den Corona-Einschr\u00e4nkungen <strong>Reitsch\u00fcler am Reitstall Lugge<\/strong> waren.<\/li>\n<li>bereit sind, <strong>bei jedem Wetter nur drau\u00dfen<\/strong> zu reiten.&nbsp;<\/li>\n<li>bereit sind, eine<strong> feste Zuteilung mit fester, durchgehender Bezahlung<\/strong> zu akzeptieren.<\/li>\n<\/ul>\n<\/li>\n<li>F\u00fcr das freie Reiten gilt: Die Kinder m\u00fcssen in der Lage sein, ihr Pony\/Pferd allein von der Wiese zu holen, es <strong>komplett eigenst\u00e4ndig f\u00fcr den Unterricht vorzubereiten und ohne Hilfe aufzusteigen<\/strong>. Die Eltern d\u00fcrfen die Anlage mit Ausnahme des Parkplatzes nicht betreten.<\/li>\n<li>Beim Einzelunterricht und in <strong>Ausnahmef\u00e4llen<\/strong> d\u00fcrfen Kinder unter 12 Jahren <strong>von einem Elternteil<\/strong> auf die Anlage begleitet und unterst\u00fctzt werden. Ist eine Unterst\u00fctzung notwendig, ist das bei der Anmeldung anzugeben!<\/li>\n<\/ul>\n<p>Die <strong>Einteilung<\/strong> von Zeiten und Pferden\/Ponies wird in eingeschr\u00e4nktem Umfang <strong>nach vorhandener Kapazit\u00e4t<\/strong> vorgenommen.<\/p>\n<ul>\n<li><strong>Verhaltensregeln auf dem Gel\u00e4nde<\/strong>\n<ul>\n<li>Die Reitsch\u00fcler d\u00fcrfen sich nur <strong>im zugeteilten Zeitfenster und so kurz wie m\u00f6glich<\/strong> auf der Anlage aufhalten.<\/li>\n<li><strong>Die Anlage darf lediglich \u00fcber das Tor an der Reithalle betreten werden<\/strong>.<\/li>\n<li>Beim Betreten und Verlassen der Anlage sind die g\u00e4ngigen Hygieneregeln verbindlich einzuhalten. Denkt an gr\u00fcndliches H\u00e4ndewaschen!<\/li>\n<li>Die Pferde\/Ponies werden fertig gemacht, geritten und danach \u00fcbergeben oder abgesattelt.<\/li>\n<li>Das Gel\u00e4nde ist ohne Verz\u00f6gerung zu verlassen.<\/li>\n<li>Die Reitlehrer werden euch einweisen, wie und wo ihr die Pferde vorbereiten und absatteln k\u00f6nnt. Auch hierbei wird auf <strong>ausreichenden Abstand zu anderen Personen<\/strong> geachtet.<\/li>\n<li><strong>R\u00e4umlichkeiten wie die Sattelkammern werden grunds\u00e4tzlich einzeln und in Abstimmung betreten.<\/strong><\/li>\n<\/ul>\n<\/li>\n<li>Beim <strong>Reiten<\/strong> selbst gelten gem\u00e4\u00df aktueller <a href=\"https:\/\/www.psvr-online.de\/images\/pdf-downloads\/13-Coronavirus\/20210219_coronaschvo_ab_22.02.2021_lesefassung_mit_markierungen.pdf\">Coronaschutzverordnung<\/a> folgende Regeln:\n<ul>\n<li>In der <strong>Reithalle<\/strong> ist das Reiten nur zum Zweck der Bewegung der Pferde aus <strong>Tierschutzgr\u00fcnden<\/strong> erlaubt, also kein sportliches Training (das hei\u00dft zum Beispiel keine Stangenarbeit).<\/li>\n<li>Reiten im Sinne von <strong>Sport<\/strong> ist nur allein, zu zweit oder ausschlie\u00dflich mit Personen des eigenen Hausstandes auf Sportanlagen unter freiem Himmel erlaubt.<\/li>\n<li>Hierbei ist die sportliche Ausbildung im <strong>Einzelunterricht<\/strong> ausdr\u00fccklich m\u00f6glich.<\/li>\n<li>Zwischen verschiedenen Personen oder Personengruppen, die <strong>gleichzeitig Sport auf Sportanlagen<\/strong> unter freiem Himmel treiben, ist dauerhaft ein <strong>Mindestabstand von 5 Metern<\/strong> einzuhalten.<\/li>\n<\/ul>\n<\/li>\n<li>Solltet ihr oder jemand aus eurem Umfeld konkrete Krankheitssymptome bekommt, positiv getestet oder unter Quarant\u00e4ne gestellt wird,\n<ul>\n<li>gebt sofort euren Reitlehrern Bescheid.<\/li>\n<li>betretet die Anlage auf keinen Fall mehr.<\/li>\n<\/ul>\n<\/li>\n<li>Diese Regeln m\u00fcssen bei <strong>minderj\u00e4hrigen Teilnehmern von den Eltern best\u00e4tigt<\/strong> werden.<\/li>\n<\/ul>\n<p>Diese Regeln dienen alle dem Ziel, unsere Gesundheit zu sch\u00fctzen und das Virus nicht weiter zu verbreiten. Wir sind gehalten, beh\u00f6rdliche Vorgaben zu erf\u00fcllen und trotzdem einen m\u00f6glichst reibungslosen Betrieb am Stall m\u00f6glich zu machen. Das bedeutet insbesondere auch, dass R\u00fccksicht auf alle Reitlehrer, Pferdepfleger und das gesamte Personal genommen wird.<\/p>\n","protected":false},"excerpt":{"rendered":"<p>Liebe Reitsch\u00fcler, Liebe Eltern, ab dem 22. Februar 2021 d\u00fcrfen wir den Reitunterricht (vorerst nur Einzelunterricht) sowie das Bambinireiten wieder aufnehmen. Auch das freie Reiten (ohne Unterricht, aber unter Aufsicht) f\u00fcr unsere fortgeschrittenen Reitsch\u00fcler ist weiterhin m\u00f6glich.&nbsp; Dies wird aber aufgrund der noch immer realen Risiken durch das Coronavirus Covid-19 nur mit Einhaltung bestimmter Regeln [&hellip;]<\/p>\n","protected":false},"author":1,"featured_media":0,"parent":15,"menu_order":0,"comment_status":"closed","ping_status":"closed","template":"","meta":{"inline_featured_image":false,"ngg_post_thumbnail":0,"footnotes":""},"class_list":["post-7852","page","type-page","status-publish","hentry","post-preview"],"yoast_head":"<!-- This site is optimized with the Yoast SEO plugin v27.5 - https:\/\/yoast.com\/product\/yoast-seo-wordpress\/ -->\n<title>Hinweis zu Corona - Reitstall Lugge<\/title>\n<meta name=\"description\" content=\"Ab dem 12.5.2020 nehmen wir ganz langsam den Reitschulbetrieb wieder auf. Das geht nicht ohne Regeln. Daher hier unsere Regeln im Rahmen von Corona.\" \/>\n<meta name=\"robots\" content=\"index, follow, max-snippet:-1, max-image-preview:large, max-video-preview:-1\" \/>\n<link rel=\"canonical\" href=\"https:\/\/luggenetwork.de\/lugge2\/angebote\/hinweis-zu-corona\/\" \/>\n<meta property=\"og:locale\" content=\"de_DE\" \/>\n<meta property=\"og:type\" content=\"article\" \/>\n<meta property=\"og:title\" content=\"Hinweis zu Corona - Reitstall Lugge\" \/>\n<meta property=\"og:description\" content=\"Ab dem 12.5.2020 nehmen wir ganz langsam den Reitschulbetrieb wieder auf. Das geht nicht ohne Regeln. Daher hier unsere Regeln im Rahmen von Corona.\" \/>\n<meta property=\"og:url\" content=\"https:\/\/luggenetwork.de\/lugge2\/angebote\/hinweis-zu-corona\/\" \/>\n<meta property=\"og:site_name\" content=\"Reitstall Lugge\" \/>\n<meta property=\"article:modified_time\" content=\"2021-03-06T22:31:35+00:00\" \/>\n<meta property=\"og:image\" content=\"https:\/\/reitstall-lugge.de\/wp-content\/uploads\/sites\/3\/2014\/12\/20140329-_IMG0031.jpg\" \/>\n<meta name=\"twitter:card\" content=\"summary_large_image\" \/>\n<meta name=\"twitter:label1\" content=\"Gesch\u00e4tzte Lesezeit\" \/>\n\t<meta name=\"twitter:data1\" content=\"3\u00a0Minuten\" \/>\n<script type=\"application\/ld+json\" class=\"yoast-schema-graph\">{\"@context\":\"https:\\\/\\\/schema.org\",\"@graph\":[{\"@type\":\"WebPage\",\"@id\":\"https:\\\/\\\/luggenetwork.de\\\/lugge2\\\/angebote\\\/hinweis-zu-corona\\\/\",\"url\":\"https:\\\/\\\/luggenetwork.de\\\/lugge2\\\/angebote\\\/hinweis-zu-corona\\\/\",\"name\":\"Hinweis zu Corona - Reitstall Lugge\",\"isPartOf\":{\"@id\":\"https:\\\/\\\/luggenetwork.de\\\/lugge2\\\/#website\"},\"primaryImageOfPage\":{\"@id\":\"https:\\\/\\\/luggenetwork.de\\\/lugge2\\\/angebote\\\/hinweis-zu-corona\\\/#primaryimage\"},\"image\":{\"@id\":\"https:\\\/\\\/luggenetwork.de\\\/lugge2\\\/angebote\\\/hinweis-zu-corona\\\/#primaryimage\"},\"thumbnailUrl\":\"https:\\\/\\\/reitstall-lugge.de\\\/wp-content\\\/uploads\\\/sites\\\/3\\\/2014\\\/12\\\/20140329-_IMG0031.jpg\",\"datePublished\":\"2020-05-09T15:10:08+00:00\",\"dateModified\":\"2021-03-06T22:31:35+00:00\",\"description\":\"Ab dem 12.5.2020 nehmen wir ganz langsam den Reitschulbetrieb wieder auf. Das geht nicht ohne Regeln. Daher hier unsere Regeln im Rahmen von Corona.\",\"breadcrumb\":{\"@id\":\"https:\\\/\\\/luggenetwork.de\\\/lugge2\\\/angebote\\\/hinweis-zu-corona\\\/#breadcrumb\"},\"inLanguage\":\"de\",\"potentialAction\":[{\"@type\":\"ReadAction\",\"target\":[\"https:\\\/\\\/luggenetwork.de\\\/lugge2\\\/angebote\\\/hinweis-zu-corona\\\/\"]}]},{\"@type\":\"ImageObject\",\"inLanguage\":\"de\",\"@id\":\"https:\\\/\\\/luggenetwork.de\\\/lugge2\\\/angebote\\\/hinweis-zu-corona\\\/#primaryimage\",\"url\":\"https:\\\/\\\/reitstall-lugge.de\\\/wp-content\\\/uploads\\\/sites\\\/3\\\/2014\\\/12\\\/20140329-_IMG0031.jpg\",\"contentUrl\":\"https:\\\/\\\/reitstall-lugge.de\\\/wp-content\\\/uploads\\\/sites\\\/3\\\/2014\\\/12\\\/20140329-_IMG0031.jpg\"},{\"@type\":\"BreadcrumbList\",\"@id\":\"https:\\\/\\\/luggenetwork.de\\\/lugge2\\\/angebote\\\/hinweis-zu-corona\\\/#breadcrumb\",\"itemListElement\":[{\"@type\":\"ListItem\",\"position\":1,\"name\":\"Startseite\",\"item\":\"https:\\\/\\\/luggenetwork.de\\\/lugge2\\\/\"},{\"@type\":\"ListItem\",\"position\":2,\"name\":\"Angebote\",\"item\":\"https:\\\/\\\/luggenetwork.de\\\/lugge2\\\/angebote\\\/\"},{\"@type\":\"ListItem\",\"position\":3,\"name\":\"Hinweis zu Corona\"}]},{\"@type\":\"WebSite\",\"@id\":\"https:\\\/\\\/luggenetwork.de\\\/lugge2\\\/#website\",\"url\":\"https:\\\/\\\/luggenetwork.de\\\/lugge2\\\/\",\"name\":\"Reitstall Lugge\",\"description\":\"M\u00fclheim-D\u00fcmpten\",\"potentialAction\":[{\"@type\":\"SearchAction\",\"target\":{\"@type\":\"EntryPoint\",\"urlTemplate\":\"https:\\\/\\\/luggenetwork.de\\\/lugge2\\\/?s={search_term_string}\"},\"query-input\":{\"@type\":\"PropertyValueSpecification\",\"valueRequired\":true,\"valueName\":\"search_term_string\"}}],\"inLanguage\":\"de\"}]}<\/script>\n<!-- \/ Yoast SEO plugin. -->","yoast_head_json":{"title":"Hinweis zu Corona - Reitstall Lugge","description":"Ab dem 12.5.2020 nehmen wir ganz langsam den Reitschulbetrieb wieder auf. Das geht nicht ohne Regeln. Daher hier unsere Regeln im Rahmen von Corona.","robots":{"index":"index","follow":"follow","max-snippet":"max-snippet:-1","max-image-preview":"max-image-preview:large","max-video-preview":"max-video-preview:-1"},"canonical":"https:\/\/luggenetwork.de\/lugge2\/angebote\/hinweis-zu-corona\/","og_locale":"de_DE","og_type":"article","og_title":"Hinweis zu Corona - Reitstall Lugge","og_description":"Ab dem 12.5.2020 nehmen wir ganz langsam den Reitschulbetrieb wieder auf. Das geht nicht ohne Regeln. Daher hier unsere Regeln im Rahmen von Corona.","og_url":"https:\/\/luggenetwork.de\/lugge2\/angebote\/hinweis-zu-corona\/","og_site_name":"Reitstall Lugge","article_modified_time":"2021-03-06T22:31:35+00:00","og_image":[{"url":"https:\/\/reitstall-lugge.de\/wp-content\/uploads\/sites\/3\/2014\/12\/20140329-_IMG0031.jpg","type":"","width":"","height":""}],"twitter_card":"summary_large_image","twitter_misc":{"Gesch\u00e4tzte Lesezeit":"3\u00a0Minuten"},"schema":{"@context":"https:\/\/schema.org","@graph":[{"@type":"WebPage","@id":"https:\/\/luggenetwork.de\/lugge2\/angebote\/hinweis-zu-corona\/","url":"https:\/\/luggenetwork.de\/lugge2\/angebote\/hinweis-zu-corona\/","name":"Hinweis zu Corona - Reitstall Lugge","isPartOf":{"@id":"https:\/\/luggenetwork.de\/lugge2\/#website"},"primaryImageOfPage":{"@id":"https:\/\/luggenetwork.de\/lugge2\/angebote\/hinweis-zu-corona\/#primaryimage"},"image":{"@id":"https:\/\/luggenetwork.de\/lugge2\/angebote\/hinweis-zu-corona\/#primaryimage"},"thumbnailUrl":"https:\/\/reitstall-lugge.de\/wp-content\/uploads\/sites\/3\/2014\/12\/20140329-_IMG0031.jpg","datePublished":"2020-05-09T15:10:08+00:00","dateModified":"2021-03-06T22:31:35+00:00","description":"Ab dem 12.5.2020 nehmen wir ganz langsam den Reitschulbetrieb wieder auf. Das geht nicht ohne Regeln. Daher hier unsere Regeln im Rahmen von Corona.","breadcrumb":{"@id":"https:\/\/luggenetwork.de\/lugge2\/angebote\/hinweis-zu-corona\/#breadcrumb"},"inLanguage":"de","potentialAction":[{"@type":"ReadAction","target":["https:\/\/luggenetwork.de\/lugge2\/angebote\/hinweis-zu-corona\/"]}]},{"@type":"ImageObject","inLanguage":"de","@id":"https:\/\/luggenetwork.de\/lugge2\/angebote\/hinweis-zu-corona\/#primaryimage","url":"https:\/\/reitstall-lugge.de\/wp-content\/uploads\/sites\/3\/2014\/12\/20140329-_IMG0031.jpg","contentUrl":"https:\/\/reitstall-lugge.de\/wp-content\/uploads\/sites\/3\/2014\/12\/20140329-_IMG0031.jpg"},{"@type":"BreadcrumbList","@id":"https:\/\/luggenetwork.de\/lugge2\/angebote\/hinweis-zu-corona\/#breadcrumb","itemListElement":[{"@type":"ListItem","position":1,"name":"Startseite","item":"https:\/\/luggenetwork.de\/lugge2\/"},{"@type":"ListItem","position":2,"name":"Angebote","item":"https:\/\/luggenetwork.de\/lugge2\/angebote\/"},{"@type":"ListItem","position":3,"name":"Hinweis zu Corona"}]},{"@type":"WebSite","@id":"https:\/\/luggenetwork.de\/lugge2\/#website","url":"https:\/\/luggenetwork.de\/lugge2\/","name":"Reitstall Lugge","description":"M\u00fclheim-D\u00fcmpten","potentialAction":[{"@type":"SearchAction","target":{"@type":"EntryPoint","urlTemplate":"https:\/\/luggenetwork.de\/lugge2\/?s={search_term_string}"},"query-input":{"@type":"PropertyValueSpecification","valueRequired":true,"valueName":"search_term_string"}}],"inLanguage":"de"}]}},"_links":{"self":[{"href":"https:\/\/luggenetwork.de\/lugge2\/wp-json\/wp\/v2\/pages\/7852","targetHints":{"allow":["GET"]}}],"collection":[{"href":"https:\/\/luggenetwork.de\/lugge2\/wp-json\/wp\/v2\/pages"}],"about":[{"href":"https:\/\/luggenetwork.de\/lugge2\/wp-json\/wp\/v2\/types\/page"}],"author":[{"embeddable":true,"href":"https:\/\/luggenetwork.de\/lugge2\/wp-json\/wp\/v2\/users\/1"}],"replies":[{"embeddable":true,"href":"https:\/\/luggenetwork.de\/lugge2\/wp-json\/wp\/v2\/comments?post=7852"}],"version-history":[{"count":6,"href":"https:\/\/luggenetwork.de\/lugge2\/wp-json\/wp\/v2\/pages\/7852\/revisions"}],"predecessor-version":[{"id":7979,"href":"https:\/\/luggenetwork.de\/lugge2\/wp-json\/wp\/v2\/pages\/7852\/revisions\/7979"}],"up":[{"embeddable":true,"href":"https:\/\/luggenetwork.de\/lugge2\/wp-json\/wp\/v2\/pages\/15"}],"wp:attachment":[{"href":"https:\/\/luggenetwork.de\/lugge2\/wp-json\/wp\/v2\/media?parent=7852"}],"curies":[{"name":"wp","href":"https:\/\/api.w.org\/{rel}","templated":true}]}}