{"id":753,"date":"2014-03-16T18:14:54","date_gmt":"2014-03-16T17:14:54","guid":{"rendered":"https:\/\/www.reitstall-lugge.de\/?page_id=753"},"modified":"2019-10-07T13:59:10","modified_gmt":"2019-10-07T11:59:10","slug":"datenschutz","status":"publish","type":"page","link":"https:\/\/luggenetwork.de\/lugge2\/datenschutz\/","title":{"rendered":"Datenschutz"},"content":{"rendered":"<h4 class=\"western\">SSL-Verschl\u00fcsselung<\/h4>\n<ul>\n<li>Diese Webseiten sind per SSL-verschl\u00fcsselter Verbindung abrufbar.<\/li>\n<li>Aufrufe auf den unverschl\u00fcsselten Dienst werden sofort auf die sichere Version umgeleitet.<\/li>\n<\/ul>\n<h4>Aufzeichnung von Daten<\/h4>\n<ul>\n<li>Diese Website speichert keinerlei Zugriffs- oder Fehlerlogs.<\/li>\n<li>Es werden keine personenbezogene Daten aufgezeichnet.<\/li>\n<\/ul>\n<h4>Datenweitergabe<\/h4>\n<ul>\n<li>Es erfolgt keinerlei Datenweitergabe an Dritte.<\/li>\n<\/ul>\n","protected":false},"excerpt":{"rendered":"<p>SSL-Verschl\u00fcsselung Diese Webseiten sind per SSL-verschl\u00fcsselter Verbindung abrufbar. Aufrufe auf den unverschl\u00fcsselten Dienst werden sofort auf die sichere Version umgeleitet. Aufzeichnung von Daten Diese Website speichert keinerlei Zugriffs- oder Fehlerlogs. Es werden keine personenbezogene Daten aufgezeichnet. Datenweitergabe Es erfolgt keinerlei Datenweitergabe an Dritte.<\/p>\n","protected":false},"author":1,"featured_media":0,"parent":0,"menu_order":99,"comment_status":"closed","ping_status":"closed","template":"","meta":{"inline_featured_image":false,"ngg_post_thumbnail":0,"footnotes":""},"class_list":["post-753","page","type-page","status-publish","hentry","post-preview"],"yoast_head":"<!-- This site is optimized with the Yoast SEO plugin v27.6 - https:\/\/yoast.com\/product\/yoast-seo-wordpress\/ -->\n<title>Datenschutz - Reitstall Lugge<\/title>\n<meta name=\"robots\" content=\"index, follow, max-snippet:-1, max-image-preview:large, max-video-preview:-1\" \/>\n<link rel=\"canonical\" href=\"https:\/\/luggenetwork.de\/lugge2\/datenschutz\/\" \/>\n<meta property=\"og:locale\" content=\"de_DE\" \/>\n<meta property=\"og:type\" content=\"article\" \/>\n<meta property=\"og:title\" content=\"Datenschutz - Reitstall Lugge\" \/>\n<meta property=\"og:description\" content=\"SSL-Verschl\u00fcsselung Diese Webseiten sind per SSL-verschl\u00fcsselter Verbindung abrufbar. Aufrufe auf den unverschl\u00fcsselten Dienst werden sofort auf die sichere Version umgeleitet. Aufzeichnung von Daten Diese Website speichert keinerlei Zugriffs- oder Fehlerlogs. Es werden keine personenbezogene Daten aufgezeichnet. Datenweitergabe Es erfolgt keinerlei Datenweitergabe an Dritte.\" \/>\n<meta property=\"og:url\" content=\"https:\/\/luggenetwork.de\/lugge2\/datenschutz\/\" \/>\n<meta property=\"og:site_name\" content=\"Reitstall Lugge\" \/>\n<meta property=\"article:modified_time\" content=\"2019-10-07T11:59:10+00:00\" \/>\n<meta name=\"twitter:card\" content=\"summary_large_image\" \/>\n<script type=\"application\/ld+json\" class=\"yoast-schema-graph\">{\"@context\":\"https:\\\/\\\/schema.org\",\"@graph\":[{\"@type\":\"WebPage\",\"@id\":\"https:\\\/\\\/luggenetwork.de\\\/lugge2\\\/datenschutz\\\/\",\"url\":\"https:\\\/\\\/luggenetwork.de\\\/lugge2\\\/datenschutz\\\/\",\"name\":\"Datenschutz - Reitstall Lugge\",\"isPartOf\":{\"@id\":\"https:\\\/\\\/luggenetwork.de\\\/lugge2\\\/#website\"},\"datePublished\":\"2014-03-16T17:14:54+00:00\",\"dateModified\":\"2019-10-07T11:59:10+00:00\",\"breadcrumb\":{\"@id\":\"https:\\\/\\\/luggenetwork.de\\\/lugge2\\\/datenschutz\\\/#breadcrumb\"},\"inLanguage\":\"de\",\"potentialAction\":[{\"@type\":\"ReadAction\",\"target\":[\"https:\\\/\\\/luggenetwork.de\\\/lugge2\\\/datenschutz\\\/\"]}]},{\"@type\":\"BreadcrumbList\",\"@id\":\"https:\\\/\\\/luggenetwork.de\\\/lugge2\\\/datenschutz\\\/#breadcrumb\",\"itemListElement\":[{\"@type\":\"ListItem\",\"position\":1,\"name\":\"Startseite\",\"item\":\"https:\\\/\\\/luggenetwork.de\\\/lugge2\\\/\"},{\"@type\":\"ListItem\",\"position\":2,\"name\":\"Datenschutz\"}]},{\"@type\":\"WebSite\",\"@id\":\"https:\\\/\\\/luggenetwork.de\\\/lugge2\\\/#website\",\"url\":\"https:\\\/\\\/luggenetwork.de\\\/lugge2\\\/\",\"name\":\"Reitstall Lugge\",\"description\":\"M\u00fclheim-D\u00fcmpten\",\"potentialAction\":[{\"@type\":\"SearchAction\",\"target\":{\"@type\":\"EntryPoint\",\"urlTemplate\":\"https:\\\/\\\/luggenetwork.de\\\/lugge2\\\/?s={search_term_string}\"},\"query-input\":{\"@type\":\"PropertyValueSpecification\",\"valueRequired\":true,\"valueName\":\"search_term_string\"}}],\"inLanguage\":\"de\"}]}<\/script>\n<!-- \/ Yoast SEO plugin. -->","yoast_head_json":{"title":"Datenschutz - Reitstall Lugge","robots":{"index":"index","follow":"follow","max-snippet":"max-snippet:-1","max-image-preview":"max-image-preview:large","max-video-preview":"max-video-preview:-1"},"canonical":"https:\/\/luggenetwork.de\/lugge2\/datenschutz\/","og_locale":"de_DE","og_type":"article","og_title":"Datenschutz - Reitstall Lugge","og_description":"SSL-Verschl\u00fcsselung Diese Webseiten sind per SSL-verschl\u00fcsselter Verbindung abrufbar. Aufrufe auf den unverschl\u00fcsselten Dienst werden sofort auf die sichere Version umgeleitet. Aufzeichnung von Daten Diese Website speichert keinerlei Zugriffs- oder Fehlerlogs. Es werden keine personenbezogene Daten aufgezeichnet. Datenweitergabe Es erfolgt keinerlei Datenweitergabe an Dritte.","og_url":"https:\/\/luggenetwork.de\/lugge2\/datenschutz\/","og_site_name":"Reitstall Lugge","article_modified_time":"2019-10-07T11:59:10+00:00","twitter_card":"summary_large_image","schema":{"@context":"https:\/\/schema.org","@graph":[{"@type":"WebPage","@id":"https:\/\/luggenetwork.de\/lugge2\/datenschutz\/","url":"https:\/\/luggenetwork.de\/lugge2\/datenschutz\/","name":"Datenschutz - Reitstall Lugge","isPartOf":{"@id":"https:\/\/luggenetwork.de\/lugge2\/#website"},"datePublished":"2014-03-16T17:14:54+00:00","dateModified":"2019-10-07T11:59:10+00:00","breadcrumb":{"@id":"https:\/\/luggenetwork.de\/lugge2\/datenschutz\/#breadcrumb"},"inLanguage":"de","potentialAction":[{"@type":"ReadAction","target":["https:\/\/luggenetwork.de\/lugge2\/datenschutz\/"]}]},{"@type":"BreadcrumbList","@id":"https:\/\/luggenetwork.de\/lugge2\/datenschutz\/#breadcrumb","itemListElement":[{"@type":"ListItem","position":1,"name":"Startseite","item":"https:\/\/luggenetwork.de\/lugge2\/"},{"@type":"ListItem","position":2,"name":"Datenschutz"}]},{"@type":"WebSite","@id":"https:\/\/luggenetwork.de\/lugge2\/#website","url":"https:\/\/luggenetwork.de\/lugge2\/","name":"Reitstall Lugge","description":"M\u00fclheim-D\u00fcmpten","potentialAction":[{"@type":"SearchAction","target":{"@type":"EntryPoint","urlTemplate":"https:\/\/luggenetwork.de\/lugge2\/?s={search_term_string}"},"query-input":{"@type":"PropertyValueSpecification","valueRequired":true,"valueName":"search_term_string"}}],"inLanguage":"de"}]}},"_links":{"self":[{"href":"https:\/\/luggenetwork.de\/lugge2\/wp-json\/wp\/v2\/pages\/753","targetHints":{"allow":["GET"]}}],"collection":[{"href":"https:\/\/luggenetwork.de\/lugge2\/wp-json\/wp\/v2\/pages"}],"about":[{"href":"https:\/\/luggenetwork.de\/lugge2\/wp-json\/wp\/v2\/types\/page"}],"author":[{"embeddable":true,"href":"https:\/\/luggenetwork.de\/lugge2\/wp-json\/wp\/v2\/users\/1"}],"replies":[{"embeddable":true,"href":"https:\/\/luggenetwork.de\/lugge2\/wp-json\/wp\/v2\/comments?post=753"}],"version-history":[{"count":1,"href":"https:\/\/luggenetwork.de\/lugge2\/wp-json\/wp\/v2\/pages\/753\/revisions"}],"predecessor-version":[{"id":7023,"href":"https:\/\/luggenetwork.de\/lugge2\/wp-json\/wp\/v2\/pages\/753\/revisions\/7023"}],"wp:attachment":[{"href":"https:\/\/luggenetwork.de\/lugge2\/wp-json\/wp\/v2\/media?parent=753"}],"curies":[{"name":"wp","href":"https:\/\/api.w.org\/{rel}","templated":true}]}}