{"id":6277,"date":"2018-03-11T13:13:17","date_gmt":"2018-03-11T12:13:17","guid":{"rendered":"https:\/\/www.reitstall-lugge.de\/?page_id=6277"},"modified":"2021-02-19T17:23:26","modified_gmt":"2021-02-19T16:23:26","slug":"maiturnier-2019","status":"publish","type":"page","link":"https:\/\/luggenetwork.de\/lugge2\/maiturnier-2019\/","title":{"rendered":"Maiturnier 2019"},"content":{"rendered":"<h3><a href=\"https:\/\/reitstall-lugge.de\/wp-content\/uploads\/sites\/3\/2018\/12\/20140504_IMG300.jpg\"><img loading=\"lazy\" decoding=\"async\" class=\"alignnone wp-image-7185 size-medium\" src=\"https:\/\/reitstall-lugge.de\/wp-content\/uploads\/sites\/3\/2018\/12\/20140504_IMG300-300x200.jpg\" alt=\"\" width=\"300\" height=\"200\" srcset=\"https:\/\/luggenetwork.de\/lugge2\/wp-content\/uploads\/sites\/3\/2018\/12\/20140504_IMG300-300x200.jpg 300w, https:\/\/luggenetwork.de\/lugge2\/wp-content\/uploads\/sites\/3\/2018\/12\/20140504_IMG300-768x512.jpg 768w, https:\/\/luggenetwork.de\/lugge2\/wp-content\/uploads\/sites\/3\/2018\/12\/20140504_IMG300-1024x682.jpg 1024w, https:\/\/luggenetwork.de\/lugge2\/wp-content\/uploads\/sites\/3\/2018\/12\/20140504_IMG300-676x450.jpg 676w, https:\/\/luggenetwork.de\/lugge2\/wp-content\/uploads\/sites\/3\/2018\/12\/20140504_IMG300.jpg 1280w\" sizes=\"auto, (max-width: 300px) 100vw, 300px\" \/><\/a><\/h3>\n<h3>Gro\u00dfes Maiturnier vom <strong>1. bis 5. Mai 2019<\/strong><\/h3>\n<p>Wir laden auch in diesem Jahr Reiter und Zuschauer herzlich ein, unser gro\u00dfes Maiturnier wieder zu einer gelungenen Veranstaltung im St\u00e4dtedreieck M\u00fclheim-Essen-Oberhausen zu machen.<\/p>\n<p>Wir freuen uns auf f\u00fcnf Tage mit tollem Reitsport und einem sehenswerten Rahmenprogramm!<\/p>\n<p>&nbsp;<\/p>\n<hr>\n<h2>Samstag 4. Mai<\/h2>\n<h4>Auf dem Hauptplatz<\/h4>\n<p>08:00 Uhr &#8211; M-Dressur<br \/>\n11:30 Uhr &#8211; L-Springen<br \/>\n14:00 Uhr &#8211; M-Springen<br \/>\n18:00 Uhr &#8211; 2-Phasen Springen Kl. S*<br \/>\n20:30 Uhr &#8211; Barrieren Springen unter Flutlicht<\/p>\n<h4>In der Dressurhalle<\/h4>\n<p>10:00 Uhr &#8211; A-Dressur<br \/>\n11:30 Uhr &#8211; E-Dressur<br \/>\n12:30 Uhr &#8211; L-Dressur<\/p>\n<h2>Sonntag 5. Mai<\/h2>\n<h4>Auf dem Hauptplatz<\/h4>\n<p>07:30 Uhr &#8211; A-Springen<br \/>\n09:30 Uhr &#8211; Mannschaftsspringen A<br \/>\n12:15 Uhr (etwa) &#8211; Tiersegnung nach dem Gottesdienst<br \/>\n12:30 Uhr &#8211; M** Springen<\/p>\n<p><strong>Gegen 15 Uhr &#8211; Ehrung der Kreismeister 2019<\/strong><\/p>\n<p>15:45 Uhr &#8211; S-Springen mit Siegerrunde<\/p>\n<h4>In der Dressurhalle<\/h4>\n<p>11:30 Uhr &#8211; A-Dressur<br \/>\n13:45 Uhr &#8211; Einfacher Reiterwettbewerb<br \/>\n14:30 Uhr &#8211; F\u00fchrz\u00fcgelklasse &#8222;Little Champions&#8220;<br \/>\n15:00 Uhr &#8211; Dressurreiter E<\/p>\n<hr>\n<h4>Hinweis zur Anfahrt und allgemeine Regeln<\/h4>\n<p>Die beste Anfahrt folgt \u00fcber die A40 bei der Abfahrt M\u00fclheim-D\u00fcmpten Zufahrt NUR!!! \u00fcber BORBECKER Str.172 &#8211; Hexberg &#8211; G\u00e4nseweg.<\/p>\n<p><span style=\"color: #ff0000;\"><strong>(Achtung: Die Zufahrt von Essen kommend ist weiterhin gesperrt. Es handelt sich um eine Sackgasse ohne Wendem\u00f6glichkeit!!!)<\/strong><\/span><\/p>\n<p>Die Anfahrt zum Turniergel\u00e4nde ist ab der Autobahn ausgeschildert. Bitte den Schildern unbedingt folgen und den Einweisungen der Ordner zum Parken folgen.<br \/>\nHunde sind auf dem gesamten Turniergel\u00e4nde an der Leine zu f\u00fchren und haben keinen Zutritt zu den Bewirtungsbereichen.<br \/>\nWir bitten darum, Ihre H\u00e4nger\/Transporter NICHT auf unseren Parkfl\u00e4chen auszufegen!<\/p>\n","protected":false},"excerpt":{"rendered":"<p>Gro\u00dfes Maiturnier vom 1. bis 5. Mai 2019 Wir laden auch in diesem Jahr Reiter und Zuschauer herzlich ein, unser gro\u00dfes Maiturnier wieder zu einer gelungenen Veranstaltung im St\u00e4dtedreieck M\u00fclheim-Essen-Oberhausen zu machen. Wir freuen uns auf f\u00fcnf Tage mit tollem Reitsport und einem sehenswerten Rahmenprogramm! &nbsp; Samstag 4. Mai Auf dem Hauptplatz 08:00 Uhr &#8211; [&hellip;]<\/p>\n","protected":false},"author":1,"featured_media":0,"parent":0,"menu_order":30,"comment_status":"closed","ping_status":"closed","template":"","meta":{"inline_featured_image":false,"ngg_post_thumbnail":0,"footnotes":""},"class_list":["post-6277","page","type-page","status-publish","hentry","post-preview"],"yoast_head":"<!-- This site is optimized with the Yoast SEO plugin v27.4 - https:\/\/yoast.com\/product\/yoast-seo-wordpress\/ -->\n<title>Maiturnier 2019 - Reitstall Lugge<\/title>\n<meta name=\"robots\" content=\"index, follow, max-snippet:-1, max-image-preview:large, max-video-preview:-1\" \/>\n<link rel=\"canonical\" href=\"https:\/\/luggenetwork.de\/lugge2\/maiturnier-2019\/\" \/>\n<meta property=\"og:locale\" content=\"de_DE\" \/>\n<meta property=\"og:type\" content=\"article\" \/>\n<meta property=\"og:title\" content=\"Maiturnier 2019 - Reitstall Lugge\" \/>\n<meta property=\"og:description\" content=\"Gro\u00dfes Maiturnier vom 1. bis 5. Mai 2019 Wir laden auch in diesem Jahr Reiter und Zuschauer herzlich ein, unser gro\u00dfes Maiturnier wieder zu einer gelungenen Veranstaltung im St\u00e4dtedreieck M\u00fclheim-Essen-Oberhausen zu machen. Wir freuen uns auf f\u00fcnf Tage mit tollem Reitsport und einem sehenswerten Rahmenprogramm! &nbsp; Samstag 4. Mai Auf dem Hauptplatz 08:00 Uhr &#8211; [&hellip;]\" \/>\n<meta property=\"og:url\" content=\"https:\/\/luggenetwork.de\/lugge2\/maiturnier-2019\/\" \/>\n<meta property=\"og:site_name\" content=\"Reitstall Lugge\" \/>\n<meta property=\"article:modified_time\" content=\"2021-02-19T16:23:26+00:00\" \/>\n<meta property=\"og:image\" content=\"https:\/\/reitstall-lugge.de\/wp-content\/uploads\/sites\/3\/2018\/12\/20140504_IMG300-300x200.jpg\" \/>\n<meta name=\"twitter:card\" content=\"summary_large_image\" \/>\n<meta name=\"twitter:label1\" content=\"Gesch\u00e4tzte Lesezeit\" \/>\n\t<meta name=\"twitter:data1\" content=\"2\u00a0Minuten\" \/>\n<script type=\"application\/ld+json\" class=\"yoast-schema-graph\">{\"@context\":\"https:\\\/\\\/schema.org\",\"@graph\":[{\"@type\":\"WebPage\",\"@id\":\"https:\\\/\\\/luggenetwork.de\\\/lugge2\\\/maiturnier-2019\\\/\",\"url\":\"https:\\\/\\\/luggenetwork.de\\\/lugge2\\\/maiturnier-2019\\\/\",\"name\":\"Maiturnier 2019 - Reitstall Lugge\",\"isPartOf\":{\"@id\":\"https:\\\/\\\/luggenetwork.de\\\/lugge2\\\/#website\"},\"primaryImageOfPage\":{\"@id\":\"https:\\\/\\\/luggenetwork.de\\\/lugge2\\\/maiturnier-2019\\\/#primaryimage\"},\"image\":{\"@id\":\"https:\\\/\\\/luggenetwork.de\\\/lugge2\\\/maiturnier-2019\\\/#primaryimage\"},\"thumbnailUrl\":\"https:\\\/\\\/reitstall-lugge.de\\\/wp-content\\\/uploads\\\/sites\\\/3\\\/2018\\\/12\\\/20140504_IMG300-300x200.jpg\",\"datePublished\":\"2018-03-11T12:13:17+00:00\",\"dateModified\":\"2021-02-19T16:23:26+00:00\",\"breadcrumb\":{\"@id\":\"https:\\\/\\\/luggenetwork.de\\\/lugge2\\\/maiturnier-2019\\\/#breadcrumb\"},\"inLanguage\":\"de\",\"potentialAction\":[{\"@type\":\"ReadAction\",\"target\":[\"https:\\\/\\\/luggenetwork.de\\\/lugge2\\\/maiturnier-2019\\\/\"]}]},{\"@type\":\"ImageObject\",\"inLanguage\":\"de\",\"@id\":\"https:\\\/\\\/luggenetwork.de\\\/lugge2\\\/maiturnier-2019\\\/#primaryimage\",\"url\":\"https:\\\/\\\/reitstall-lugge.de\\\/wp-content\\\/uploads\\\/sites\\\/3\\\/2018\\\/12\\\/20140504_IMG300-300x200.jpg\",\"contentUrl\":\"https:\\\/\\\/reitstall-lugge.de\\\/wp-content\\\/uploads\\\/sites\\\/3\\\/2018\\\/12\\\/20140504_IMG300-300x200.jpg\"},{\"@type\":\"BreadcrumbList\",\"@id\":\"https:\\\/\\\/luggenetwork.de\\\/lugge2\\\/maiturnier-2019\\\/#breadcrumb\",\"itemListElement\":[{\"@type\":\"ListItem\",\"position\":1,\"name\":\"Startseite\",\"item\":\"https:\\\/\\\/luggenetwork.de\\\/lugge2\\\/\"},{\"@type\":\"ListItem\",\"position\":2,\"name\":\"Maiturnier 2019\"}]},{\"@type\":\"WebSite\",\"@id\":\"https:\\\/\\\/luggenetwork.de\\\/lugge2\\\/#website\",\"url\":\"https:\\\/\\\/luggenetwork.de\\\/lugge2\\\/\",\"name\":\"Reitstall Lugge\",\"description\":\"M\u00fclheim-D\u00fcmpten\",\"potentialAction\":[{\"@type\":\"SearchAction\",\"target\":{\"@type\":\"EntryPoint\",\"urlTemplate\":\"https:\\\/\\\/luggenetwork.de\\\/lugge2\\\/?s={search_term_string}\"},\"query-input\":{\"@type\":\"PropertyValueSpecification\",\"valueRequired\":true,\"valueName\":\"search_term_string\"}}],\"inLanguage\":\"de\"}]}<\/script>\n<!-- \/ Yoast SEO plugin. -->","yoast_head_json":{"title":"Maiturnier 2019 - Reitstall Lugge","robots":{"index":"index","follow":"follow","max-snippet":"max-snippet:-1","max-image-preview":"max-image-preview:large","max-video-preview":"max-video-preview:-1"},"canonical":"https:\/\/luggenetwork.de\/lugge2\/maiturnier-2019\/","og_locale":"de_DE","og_type":"article","og_title":"Maiturnier 2019 - Reitstall Lugge","og_description":"Gro\u00dfes Maiturnier vom 1. bis 5. Mai 2019 Wir laden auch in diesem Jahr Reiter und Zuschauer herzlich ein, unser gro\u00dfes Maiturnier wieder zu einer gelungenen Veranstaltung im St\u00e4dtedreieck M\u00fclheim-Essen-Oberhausen zu machen. Wir freuen uns auf f\u00fcnf Tage mit tollem Reitsport und einem sehenswerten Rahmenprogramm! &nbsp; Samstag 4. Mai Auf dem Hauptplatz 08:00 Uhr &#8211; [&hellip;]","og_url":"https:\/\/luggenetwork.de\/lugge2\/maiturnier-2019\/","og_site_name":"Reitstall Lugge","article_modified_time":"2021-02-19T16:23:26+00:00","og_image":[{"url":"https:\/\/reitstall-lugge.de\/wp-content\/uploads\/sites\/3\/2018\/12\/20140504_IMG300-300x200.jpg","type":"","width":"","height":""}],"twitter_card":"summary_large_image","twitter_misc":{"Gesch\u00e4tzte Lesezeit":"2\u00a0Minuten"},"schema":{"@context":"https:\/\/schema.org","@graph":[{"@type":"WebPage","@id":"https:\/\/luggenetwork.de\/lugge2\/maiturnier-2019\/","url":"https:\/\/luggenetwork.de\/lugge2\/maiturnier-2019\/","name":"Maiturnier 2019 - Reitstall Lugge","isPartOf":{"@id":"https:\/\/luggenetwork.de\/lugge2\/#website"},"primaryImageOfPage":{"@id":"https:\/\/luggenetwork.de\/lugge2\/maiturnier-2019\/#primaryimage"},"image":{"@id":"https:\/\/luggenetwork.de\/lugge2\/maiturnier-2019\/#primaryimage"},"thumbnailUrl":"https:\/\/reitstall-lugge.de\/wp-content\/uploads\/sites\/3\/2018\/12\/20140504_IMG300-300x200.jpg","datePublished":"2018-03-11T12:13:17+00:00","dateModified":"2021-02-19T16:23:26+00:00","breadcrumb":{"@id":"https:\/\/luggenetwork.de\/lugge2\/maiturnier-2019\/#breadcrumb"},"inLanguage":"de","potentialAction":[{"@type":"ReadAction","target":["https:\/\/luggenetwork.de\/lugge2\/maiturnier-2019\/"]}]},{"@type":"ImageObject","inLanguage":"de","@id":"https:\/\/luggenetwork.de\/lugge2\/maiturnier-2019\/#primaryimage","url":"https:\/\/reitstall-lugge.de\/wp-content\/uploads\/sites\/3\/2018\/12\/20140504_IMG300-300x200.jpg","contentUrl":"https:\/\/reitstall-lugge.de\/wp-content\/uploads\/sites\/3\/2018\/12\/20140504_IMG300-300x200.jpg"},{"@type":"BreadcrumbList","@id":"https:\/\/luggenetwork.de\/lugge2\/maiturnier-2019\/#breadcrumb","itemListElement":[{"@type":"ListItem","position":1,"name":"Startseite","item":"https:\/\/luggenetwork.de\/lugge2\/"},{"@type":"ListItem","position":2,"name":"Maiturnier 2019"}]},{"@type":"WebSite","@id":"https:\/\/luggenetwork.de\/lugge2\/#website","url":"https:\/\/luggenetwork.de\/lugge2\/","name":"Reitstall Lugge","description":"M\u00fclheim-D\u00fcmpten","potentialAction":[{"@type":"SearchAction","target":{"@type":"EntryPoint","urlTemplate":"https:\/\/luggenetwork.de\/lugge2\/?s={search_term_string}"},"query-input":{"@type":"PropertyValueSpecification","valueRequired":true,"valueName":"search_term_string"}}],"inLanguage":"de"}]}},"_links":{"self":[{"href":"https:\/\/luggenetwork.de\/lugge2\/wp-json\/wp\/v2\/pages\/6277","targetHints":{"allow":["GET"]}}],"collection":[{"href":"https:\/\/luggenetwork.de\/lugge2\/wp-json\/wp\/v2\/pages"}],"about":[{"href":"https:\/\/luggenetwork.de\/lugge2\/wp-json\/wp\/v2\/types\/page"}],"author":[{"embeddable":true,"href":"https:\/\/luggenetwork.de\/lugge2\/wp-json\/wp\/v2\/users\/1"}],"replies":[{"embeddable":true,"href":"https:\/\/luggenetwork.de\/lugge2\/wp-json\/wp\/v2\/comments?post=6277"}],"version-history":[{"count":2,"href":"https:\/\/luggenetwork.de\/lugge2\/wp-json\/wp\/v2\/pages\/6277\/revisions"}],"predecessor-version":[{"id":7882,"href":"https:\/\/luggenetwork.de\/lugge2\/wp-json\/wp\/v2\/pages\/6277\/revisions\/7882"}],"wp:attachment":[{"href":"https:\/\/luggenetwork.de\/lugge2\/wp-json\/wp\/v2\/media?parent=6277"}],"curies":[{"name":"wp","href":"https:\/\/api.w.org\/{rel}","templated":true}]}}