{"id":57,"date":"2011-12-09T18:28:50","date_gmt":"2011-12-09T18:28:50","guid":{"rendered":"https:\/\/www.reitstall-lugge.de\/?page_id=57"},"modified":"2021-05-25T23:03:46","modified_gmt":"2021-05-25T21:03:46","slug":"reitschule","status":"publish","type":"page","link":"https:\/\/luggenetwork.de\/lugge2\/angebote\/reitschule\/","title":{"rendered":"Reitschule"},"content":{"rendered":"<p><img loading=\"lazy\" decoding=\"async\" class=\"alignleft size-medium wp-image-116\" style=\"margin-left: 0px; margin-right: 20px;\" title=\"Reitschule\" src=\"https:\/\/www.reitstall-lugge.de\/wp-content\/uploads\/2011\/12\/IMGP2262-300x199.jpg\" alt=\"Reitschule\" width=\"300\" height=\"199\" srcset=\"https:\/\/luggenetwork.de\/lugge2\/wp-content\/uploads\/sites\/3\/2011\/12\/IMGP2262-300x199.jpg 300w, https:\/\/luggenetwork.de\/lugge2\/wp-content\/uploads\/sites\/3\/2011\/12\/IMGP2262-1024x680.jpg 1024w, https:\/\/luggenetwork.de\/lugge2\/wp-content\/uploads\/sites\/3\/2011\/12\/IMGP2262-500x332.jpg 500w, https:\/\/luggenetwork.de\/lugge2\/wp-content\/uploads\/sites\/3\/2011\/12\/IMGP2262.jpg 1280w\" sizes=\"auto, (max-width: 300px) 100vw, 300px\" \/>Liebe Reitsch\u00fcler, liebe Eltern,<\/p>\n<p>W\u00e4hrend der langen Zeit der Corona-Einschr\u00e4nkungen haben wir unser Unterrichtsangebot im Reitschulbetrieb \u00fcberarbeitet. Ab 1. Juli 2021 soll es nun endlich losgehen!<\/p>\n<p>Die gute Nachricht f\u00fcr Euch: Der Unterricht wird intensiver und noch abwechslungsreicher. Wir bilden feste Gruppen von 6-8 Schulreitern plus maximal 1-2 Privatreitern. Der monatliche Wettlauf um die Pl\u00e4tze auf den Ponylisten geh\u00f6rt der Vergangenheit an. Das bedeutet auch eine h\u00f6here Planungssicherheit f\u00fcr uns und macht die Planung der Reitstunden und die Abwicklung der Bezahlung f\u00fcr alle einfacher.<\/p>\n<p>Ihr werdet sicher verstehen, dass die h\u00f6here Qualit\u00e4t auch ihren Preis hat: wir stellen das Bezahlsystem auf feste Monatsbeitr\u00e4ge um. Seid Euch versichert, dass wir sparsam und sorgf\u00e4ltig kalkuliert haben, f\u00fcr die gute Versorgung und Gesunderhaltung der Ponys und Pferde ist Euer Beitrag in entsprechender H\u00f6he unverzichtbar.<\/p>\n<p>Sichert Euch jetzt einen der begehrten Pl\u00e4tze in den neuen Reitstunden:<\/p>\n<p><strong><a href=\"https:\/\/reitstall-lugge.de\/wp-content\/uploads\/sites\/3\/2021\/05\/Anmeldung-Reitunterricht.pdf\">Ladet Euch hier die Anmeldeunterlagen mit allen weiteren Informationen herunter.<\/a> <\/strong><\/p>\n<p>Lest Euch die Unterlagen sorgf\u00e4ltig durch, f\u00fcllt alles aus und sendet uns die unterschriebenen Unterlagen per Email an <a href=\"mailto:reiten@reitstall-lugge.de\">reiten@reitstall-lugge.de<\/a> oder gebt sie ausgedruckt bei Dorothee Wolinski im B\u00fcro ab.&nbsp;<\/p>\n<p>Euer Team des Reitstall Lugge<\/p>\n<p>&nbsp;<\/p>\n<p>P.S.: Selbstverst\u00e4ndlich steht das Unterrichtsangebot immer unter dem Vorbehalt der jeweils g\u00fcltigen Corona-Einschr\u00e4nkungen.<\/p>\n","protected":false},"excerpt":{"rendered":"<p>Liebe Reitsch\u00fcler, liebe Eltern, W\u00e4hrend der langen Zeit der Corona-Einschr\u00e4nkungen haben wir unser Unterrichtsangebot im Reitschulbetrieb \u00fcberarbeitet. Ab 1. Juli 2021 soll es nun endlich losgehen! Die gute Nachricht f\u00fcr Euch: Der Unterricht wird intensiver und noch abwechslungsreicher. Wir bilden feste Gruppen von 6-8 Schulreitern plus maximal 1-2 Privatreitern. Der monatliche Wettlauf um die Pl\u00e4tze [&hellip;]<\/p>\n","protected":false},"author":1,"featured_media":0,"parent":15,"menu_order":20,"comment_status":"closed","ping_status":"open","template":"","meta":{"inline_featured_image":false,"ngg_post_thumbnail":0,"footnotes":""},"class_list":["post-57","page","type-page","status-publish","hentry","post-preview"],"yoast_head":"<!-- This site is optimized with the Yoast SEO plugin v27.5 - https:\/\/yoast.com\/product\/yoast-seo-wordpress\/ -->\n<title>Reitstall Hans Lugge - Reitschule<\/title>\n<meta name=\"description\" content=\"Meister fallen nicht vom Himmel. Vern\u00fcnftig ausgebildete Reiter nicht einmal vom Pferd.\" \/>\n<meta name=\"robots\" content=\"index, follow, max-snippet:-1, max-image-preview:large, max-video-preview:-1\" \/>\n<link rel=\"canonical\" href=\"https:\/\/luggenetwork.de\/lugge2\/angebote\/reitschule\/\" \/>\n<meta property=\"og:locale\" content=\"de_DE\" \/>\n<meta property=\"og:type\" content=\"article\" \/>\n<meta property=\"og:title\" content=\"Reitstall Hans Lugge - Reitschule\" \/>\n<meta property=\"og:description\" content=\"Meister fallen nicht vom Himmel. Vern\u00fcnftig ausgebildete Reiter nicht einmal vom Pferd.\" \/>\n<meta property=\"og:url\" content=\"https:\/\/luggenetwork.de\/lugge2\/angebote\/reitschule\/\" \/>\n<meta property=\"og:site_name\" content=\"Reitstall Lugge\" \/>\n<meta property=\"article:modified_time\" content=\"2021-05-25T21:03:46+00:00\" \/>\n<meta property=\"og:image\" content=\"https:\/\/www.reitstall-lugge.de\/wp-content\/uploads\/2011\/12\/IMGP2262-300x199.jpg\" \/>\n<meta name=\"twitter:card\" content=\"summary_large_image\" \/>\n<meta name=\"twitter:label1\" content=\"Gesch\u00e4tzte Lesezeit\" \/>\n\t<meta name=\"twitter:data1\" content=\"2\u00a0Minuten\" \/>\n<script type=\"application\/ld+json\" class=\"yoast-schema-graph\">{\"@context\":\"https:\\\/\\\/schema.org\",\"@graph\":[{\"@type\":\"WebPage\",\"@id\":\"https:\\\/\\\/luggenetwork.de\\\/lugge2\\\/angebote\\\/reitschule\\\/\",\"url\":\"https:\\\/\\\/luggenetwork.de\\\/lugge2\\\/angebote\\\/reitschule\\\/\",\"name\":\"Reitstall Hans Lugge - Reitschule\",\"isPartOf\":{\"@id\":\"https:\\\/\\\/luggenetwork.de\\\/lugge2\\\/#website\"},\"primaryImageOfPage\":{\"@id\":\"https:\\\/\\\/luggenetwork.de\\\/lugge2\\\/angebote\\\/reitschule\\\/#primaryimage\"},\"image\":{\"@id\":\"https:\\\/\\\/luggenetwork.de\\\/lugge2\\\/angebote\\\/reitschule\\\/#primaryimage\"},\"thumbnailUrl\":\"https:\\\/\\\/www.reitstall-lugge.de\\\/wp-content\\\/uploads\\\/2011\\\/12\\\/IMGP2262-300x199.jpg\",\"datePublished\":\"2011-12-09T18:28:50+00:00\",\"dateModified\":\"2021-05-25T21:03:46+00:00\",\"description\":\"Meister fallen nicht vom Himmel. Vern\u00fcnftig ausgebildete Reiter nicht einmal vom Pferd.\",\"breadcrumb\":{\"@id\":\"https:\\\/\\\/luggenetwork.de\\\/lugge2\\\/angebote\\\/reitschule\\\/#breadcrumb\"},\"inLanguage\":\"de\",\"potentialAction\":[{\"@type\":\"ReadAction\",\"target\":[\"https:\\\/\\\/luggenetwork.de\\\/lugge2\\\/angebote\\\/reitschule\\\/\"]}]},{\"@type\":\"ImageObject\",\"inLanguage\":\"de\",\"@id\":\"https:\\\/\\\/luggenetwork.de\\\/lugge2\\\/angebote\\\/reitschule\\\/#primaryimage\",\"url\":\"https:\\\/\\\/www.reitstall-lugge.de\\\/wp-content\\\/uploads\\\/2011\\\/12\\\/IMGP2262-300x199.jpg\",\"contentUrl\":\"https:\\\/\\\/www.reitstall-lugge.de\\\/wp-content\\\/uploads\\\/2011\\\/12\\\/IMGP2262-300x199.jpg\"},{\"@type\":\"BreadcrumbList\",\"@id\":\"https:\\\/\\\/luggenetwork.de\\\/lugge2\\\/angebote\\\/reitschule\\\/#breadcrumb\",\"itemListElement\":[{\"@type\":\"ListItem\",\"position\":1,\"name\":\"Startseite\",\"item\":\"https:\\\/\\\/luggenetwork.de\\\/lugge2\\\/\"},{\"@type\":\"ListItem\",\"position\":2,\"name\":\"Angebote\",\"item\":\"https:\\\/\\\/luggenetwork.de\\\/lugge2\\\/angebote\\\/\"},{\"@type\":\"ListItem\",\"position\":3,\"name\":\"Reitschule\"}]},{\"@type\":\"WebSite\",\"@id\":\"https:\\\/\\\/luggenetwork.de\\\/lugge2\\\/#website\",\"url\":\"https:\\\/\\\/luggenetwork.de\\\/lugge2\\\/\",\"name\":\"Reitstall Lugge\",\"description\":\"M\u00fclheim-D\u00fcmpten\",\"potentialAction\":[{\"@type\":\"SearchAction\",\"target\":{\"@type\":\"EntryPoint\",\"urlTemplate\":\"https:\\\/\\\/luggenetwork.de\\\/lugge2\\\/?s={search_term_string}\"},\"query-input\":{\"@type\":\"PropertyValueSpecification\",\"valueRequired\":true,\"valueName\":\"search_term_string\"}}],\"inLanguage\":\"de\"}]}<\/script>\n<!-- \/ Yoast SEO plugin. -->","yoast_head_json":{"title":"Reitstall Hans Lugge - Reitschule","description":"Meister fallen nicht vom Himmel. Vern\u00fcnftig ausgebildete Reiter nicht einmal vom Pferd.","robots":{"index":"index","follow":"follow","max-snippet":"max-snippet:-1","max-image-preview":"max-image-preview:large","max-video-preview":"max-video-preview:-1"},"canonical":"https:\/\/luggenetwork.de\/lugge2\/angebote\/reitschule\/","og_locale":"de_DE","og_type":"article","og_title":"Reitstall Hans Lugge - Reitschule","og_description":"Meister fallen nicht vom Himmel. Vern\u00fcnftig ausgebildete Reiter nicht einmal vom Pferd.","og_url":"https:\/\/luggenetwork.de\/lugge2\/angebote\/reitschule\/","og_site_name":"Reitstall Lugge","article_modified_time":"2021-05-25T21:03:46+00:00","og_image":[{"url":"https:\/\/www.reitstall-lugge.de\/wp-content\/uploads\/2011\/12\/IMGP2262-300x199.jpg","type":"","width":"","height":""}],"twitter_card":"summary_large_image","twitter_misc":{"Gesch\u00e4tzte Lesezeit":"2\u00a0Minuten"},"schema":{"@context":"https:\/\/schema.org","@graph":[{"@type":"WebPage","@id":"https:\/\/luggenetwork.de\/lugge2\/angebote\/reitschule\/","url":"https:\/\/luggenetwork.de\/lugge2\/angebote\/reitschule\/","name":"Reitstall Hans Lugge - Reitschule","isPartOf":{"@id":"https:\/\/luggenetwork.de\/lugge2\/#website"},"primaryImageOfPage":{"@id":"https:\/\/luggenetwork.de\/lugge2\/angebote\/reitschule\/#primaryimage"},"image":{"@id":"https:\/\/luggenetwork.de\/lugge2\/angebote\/reitschule\/#primaryimage"},"thumbnailUrl":"https:\/\/www.reitstall-lugge.de\/wp-content\/uploads\/2011\/12\/IMGP2262-300x199.jpg","datePublished":"2011-12-09T18:28:50+00:00","dateModified":"2021-05-25T21:03:46+00:00","description":"Meister fallen nicht vom Himmel. Vern\u00fcnftig ausgebildete Reiter nicht einmal vom Pferd.","breadcrumb":{"@id":"https:\/\/luggenetwork.de\/lugge2\/angebote\/reitschule\/#breadcrumb"},"inLanguage":"de","potentialAction":[{"@type":"ReadAction","target":["https:\/\/luggenetwork.de\/lugge2\/angebote\/reitschule\/"]}]},{"@type":"ImageObject","inLanguage":"de","@id":"https:\/\/luggenetwork.de\/lugge2\/angebote\/reitschule\/#primaryimage","url":"https:\/\/www.reitstall-lugge.de\/wp-content\/uploads\/2011\/12\/IMGP2262-300x199.jpg","contentUrl":"https:\/\/www.reitstall-lugge.de\/wp-content\/uploads\/2011\/12\/IMGP2262-300x199.jpg"},{"@type":"BreadcrumbList","@id":"https:\/\/luggenetwork.de\/lugge2\/angebote\/reitschule\/#breadcrumb","itemListElement":[{"@type":"ListItem","position":1,"name":"Startseite","item":"https:\/\/luggenetwork.de\/lugge2\/"},{"@type":"ListItem","position":2,"name":"Angebote","item":"https:\/\/luggenetwork.de\/lugge2\/angebote\/"},{"@type":"ListItem","position":3,"name":"Reitschule"}]},{"@type":"WebSite","@id":"https:\/\/luggenetwork.de\/lugge2\/#website","url":"https:\/\/luggenetwork.de\/lugge2\/","name":"Reitstall Lugge","description":"M\u00fclheim-D\u00fcmpten","potentialAction":[{"@type":"SearchAction","target":{"@type":"EntryPoint","urlTemplate":"https:\/\/luggenetwork.de\/lugge2\/?s={search_term_string}"},"query-input":{"@type":"PropertyValueSpecification","valueRequired":true,"valueName":"search_term_string"}}],"inLanguage":"de"}]}},"_links":{"self":[{"href":"https:\/\/luggenetwork.de\/lugge2\/wp-json\/wp\/v2\/pages\/57","targetHints":{"allow":["GET"]}}],"collection":[{"href":"https:\/\/luggenetwork.de\/lugge2\/wp-json\/wp\/v2\/pages"}],"about":[{"href":"https:\/\/luggenetwork.de\/lugge2\/wp-json\/wp\/v2\/types\/page"}],"author":[{"embeddable":true,"href":"https:\/\/luggenetwork.de\/lugge2\/wp-json\/wp\/v2\/users\/1"}],"replies":[{"embeddable":true,"href":"https:\/\/luggenetwork.de\/lugge2\/wp-json\/wp\/v2\/comments?post=57"}],"version-history":[{"count":6,"href":"https:\/\/luggenetwork.de\/lugge2\/wp-json\/wp\/v2\/pages\/57\/revisions"}],"predecessor-version":[{"id":8015,"href":"https:\/\/luggenetwork.de\/lugge2\/wp-json\/wp\/v2\/pages\/57\/revisions\/8015"}],"up":[{"embeddable":true,"href":"https:\/\/luggenetwork.de\/lugge2\/wp-json\/wp\/v2\/pages\/15"}],"wp:attachment":[{"href":"https:\/\/luggenetwork.de\/lugge2\/wp-json\/wp\/v2\/media?parent=57"}],"curies":[{"name":"wp","href":"https:\/\/api.w.org\/{rel}","templated":true}]}}