{"id":38,"date":"2011-11-17T11:16:49","date_gmt":"2011-11-17T11:16:49","guid":{"rendered":"https:\/\/www.reitstall-lugge.de\/?page_id=38"},"modified":"2023-06-13T10:02:43","modified_gmt":"2023-06-13T08:02:43","slug":"willkommen","status":"publish","type":"page","link":"https:\/\/luggenetwork.de\/lugge2\/","title":{"rendered":"Home"},"content":{"rendered":"<h1>Willkommen am Reitstall Hans Lugge<\/h1>\n<p>Liebe Freunde des Reitstall Lugge,<\/p>\n<p>Der Reitstall im gr\u00fcnen St\u00e4dtedreieck zwischen M\u00fclheim-D\u00fcmpten, Essen-Frintrop und Oberhausen stellt sich vor.<\/p>\n<p>Weitere Informationen erhaltet Ihr unter<strong> <a href=\"https:\/\/reitstall-lugge.de\/ruf-hexbachtal-ev\/aktuelles\/\">AKTUELLES<\/a><\/strong> sowie bei <span style=\"color: #008080;\"><strong><a style=\"color: #008080;\" href=\"https:\/\/www.facebook.com\/ReitstallLugge\">Facebook<\/a> <\/strong><\/span>oder <span style=\"color: #008080;\"><strong><a style=\"color: #008080;\" href=\"https:\/\/www.instagram.com\/reitstall_lugge\/\">Instagram<\/a> <\/strong><\/span>.&nbsp;<\/p>\n<p><strong>Beachtet unser aktuelles <\/strong><a href=\"https:\/\/reitstall-lugge.de\/ferienprogramm-in-den-sommerferien-2\/\">ANGEBOT <\/a><strong>f\u00fcr Reitanf\u00e4nger und Fortgeschrittene in den Sommerferien!<\/strong><\/p>\n<p><a href=\"https:\/\/reitstall-lugge.de\/wp-content\/uploads\/sites\/3\/2021\/03\/IMG_0369.jpeg\"><img loading=\"lazy\" decoding=\"async\" class=\"alignnone size-full wp-image-7975\" src=\"https:\/\/reitstall-lugge.de\/wp-content\/uploads\/sites\/3\/2021\/03\/IMG_0369.jpeg\" alt=\"\" width=\"2048\" height=\"1536\" srcset=\"https:\/\/luggenetwork.de\/lugge2\/wp-content\/uploads\/sites\/3\/2021\/03\/IMG_0369.jpeg 2048w, https:\/\/luggenetwork.de\/lugge2\/wp-content\/uploads\/sites\/3\/2021\/03\/IMG_0369-300x225.jpeg 300w, https:\/\/luggenetwork.de\/lugge2\/wp-content\/uploads\/sites\/3\/2021\/03\/IMG_0369-1024x768.jpeg 1024w, https:\/\/luggenetwork.de\/lugge2\/wp-content\/uploads\/sites\/3\/2021\/03\/IMG_0369-768x576.jpeg 768w, https:\/\/luggenetwork.de\/lugge2\/wp-content\/uploads\/sites\/3\/2021\/03\/IMG_0369-1536x1152.jpeg 1536w, https:\/\/luggenetwork.de\/lugge2\/wp-content\/uploads\/sites\/3\/2021\/03\/IMG_0369-676x507.jpeg 676w\" sizes=\"auto, (max-width: 2048px) 100vw, 2048px\" \/><\/a><\/p>\n<p>Von Reitschule, \u00fcber Einstallung bis zum qualifizierten Beritt bietet der Reitstall Lugge alle M\u00f6glichkeiten eines modernen Reiterhofs an.<\/p>\n<p><a href=\"https:\/\/reitstall-lugge.de\/wp-content\/uploads\/sites\/3\/2021\/02\/IMG_0065.jpeg\"><img loading=\"lazy\" decoding=\"async\" class=\"alignnone size-full wp-image-7895\" src=\"https:\/\/reitstall-lugge.de\/wp-content\/uploads\/sites\/3\/2021\/02\/IMG_0065.jpeg\" alt=\"\" width=\"2048\" height=\"1536\" srcset=\"https:\/\/luggenetwork.de\/lugge2\/wp-content\/uploads\/sites\/3\/2021\/02\/IMG_0065.jpeg 2048w, https:\/\/luggenetwork.de\/lugge2\/wp-content\/uploads\/sites\/3\/2021\/02\/IMG_0065-300x225.jpeg 300w, https:\/\/luggenetwork.de\/lugge2\/wp-content\/uploads\/sites\/3\/2021\/02\/IMG_0065-1024x768.jpeg 1024w, https:\/\/luggenetwork.de\/lugge2\/wp-content\/uploads\/sites\/3\/2021\/02\/IMG_0065-768x576.jpeg 768w, https:\/\/luggenetwork.de\/lugge2\/wp-content\/uploads\/sites\/3\/2021\/02\/IMG_0065-1536x1152.jpeg 1536w, https:\/\/luggenetwork.de\/lugge2\/wp-content\/uploads\/sites\/3\/2021\/02\/IMG_0065-676x507.jpeg 676w\" sizes=\"auto, (max-width: 2048px) 100vw, 2048px\" \/><\/a><\/p>\n<hr>\n<p>Informationen zu unserem Kutschenverleih finden Sie auf der Seite<br \/>\n<a href=\"http:\/\/kutschen-muelheim.de\" target=\"_blank\" rel=\"noopener noreferrer\">http:\/\/kutschen-muelheim.de<\/a>.<\/p>\n","protected":false},"excerpt":{"rendered":"<p>Willkommen am Reitstall Hans Lugge Liebe Freunde des Reitstall Lugge, Der Reitstall im gr\u00fcnen St\u00e4dtedreieck zwischen M\u00fclheim-D\u00fcmpten, Essen-Frintrop und Oberhausen stellt sich vor. Weitere Informationen erhaltet Ihr unter AKTUELLES sowie bei Facebook oder Instagram .&nbsp; Beachtet unser aktuelles ANGEBOT f\u00fcr Reitanf\u00e4nger und Fortgeschrittene in den Sommerferien! Von Reitschule, \u00fcber Einstallung bis zum qualifizierten Beritt bietet [&hellip;]<\/p>\n","protected":false},"author":1,"featured_media":0,"parent":0,"menu_order":10,"comment_status":"closed","ping_status":"open","template":"","meta":{"inline_featured_image":false,"ngg_post_thumbnail":0,"footnotes":""},"class_list":["post-38","page","type-page","status-publish","hentry","post-preview"],"yoast_head":"<!-- This site is optimized with the Yoast SEO plugin v27.4 - https:\/\/yoast.com\/product\/yoast-seo-wordpress\/ -->\n<title>Reitstall Lugge in M\u00fclheim<\/title>\n<meta name=\"description\" content=\"Der Reitstall Hans Lugge im gr\u00fcnen Dreist\u00e4dteeck zwischen M\u00fclheim, Essen und Oberhausen stellt sich vor.\" \/>\n<meta name=\"robots\" content=\"index, follow, max-snippet:-1, max-image-preview:large, max-video-preview:-1\" \/>\n<link rel=\"canonical\" href=\"https:\/\/luggenetwork.de\/lugge2\/\" \/>\n<meta property=\"og:locale\" content=\"de_DE\" \/>\n<meta property=\"og:type\" content=\"article\" \/>\n<meta property=\"og:title\" content=\"Reitstall Lugge in M\u00fclheim\" \/>\n<meta property=\"og:description\" content=\"Der Reitstall Hans Lugge im gr\u00fcnen Dreist\u00e4dteeck zwischen M\u00fclheim, Essen und Oberhausen stellt sich vor.\" \/>\n<meta property=\"og:url\" content=\"https:\/\/luggenetwork.de\/lugge2\/\" \/>\n<meta property=\"og:site_name\" content=\"Reitstall Lugge\" \/>\n<meta property=\"article:modified_time\" content=\"2023-06-13T08:02:43+00:00\" \/>\n<meta property=\"og:image\" content=\"https:\/\/reitstall-lugge.de\/wp-content\/uploads\/sites\/3\/2021\/03\/IMG_0369.jpeg\" \/>\n<meta name=\"twitter:card\" content=\"summary_large_image\" \/>\n<meta name=\"twitter:label1\" content=\"Gesch\u00e4tzte Lesezeit\" \/>\n\t<meta name=\"twitter:data1\" content=\"1\u00a0Minute\" \/>\n<script type=\"application\/ld+json\" class=\"yoast-schema-graph\">{\"@context\":\"https:\\\/\\\/schema.org\",\"@graph\":[{\"@type\":\"WebPage\",\"@id\":\"https:\\\/\\\/luggenetwork.de\\\/lugge2\\\/\",\"url\":\"https:\\\/\\\/luggenetwork.de\\\/lugge2\\\/\",\"name\":\"Reitstall Lugge in M\u00fclheim\",\"isPartOf\":{\"@id\":\"https:\\\/\\\/luggenetwork.de\\\/lugge2\\\/#website\"},\"primaryImageOfPage\":{\"@id\":\"https:\\\/\\\/luggenetwork.de\\\/lugge2\\\/#primaryimage\"},\"image\":{\"@id\":\"https:\\\/\\\/luggenetwork.de\\\/lugge2\\\/#primaryimage\"},\"thumbnailUrl\":\"https:\\\/\\\/reitstall-lugge.de\\\/wp-content\\\/uploads\\\/sites\\\/3\\\/2021\\\/03\\\/IMG_0369.jpeg\",\"datePublished\":\"2011-11-17T11:16:49+00:00\",\"dateModified\":\"2023-06-13T08:02:43+00:00\",\"description\":\"Der Reitstall Hans Lugge im gr\u00fcnen Dreist\u00e4dteeck zwischen M\u00fclheim, Essen und Oberhausen stellt sich vor.\",\"breadcrumb\":{\"@id\":\"https:\\\/\\\/luggenetwork.de\\\/lugge2\\\/#breadcrumb\"},\"inLanguage\":\"de\",\"potentialAction\":[{\"@type\":\"ReadAction\",\"target\":[\"https:\\\/\\\/luggenetwork.de\\\/lugge2\\\/\"]}]},{\"@type\":\"ImageObject\",\"inLanguage\":\"de\",\"@id\":\"https:\\\/\\\/luggenetwork.de\\\/lugge2\\\/#primaryimage\",\"url\":\"https:\\\/\\\/reitstall-lugge.de\\\/wp-content\\\/uploads\\\/sites\\\/3\\\/2021\\\/03\\\/IMG_0369.jpeg\",\"contentUrl\":\"https:\\\/\\\/reitstall-lugge.de\\\/wp-content\\\/uploads\\\/sites\\\/3\\\/2021\\\/03\\\/IMG_0369.jpeg\"},{\"@type\":\"BreadcrumbList\",\"@id\":\"https:\\\/\\\/luggenetwork.de\\\/lugge2\\\/#breadcrumb\",\"itemListElement\":[{\"@type\":\"ListItem\",\"position\":1,\"name\":\"Startseite\",\"item\":\"https:\\\/\\\/luggenetwork.de\\\/lugge2\\\/\"},{\"@type\":\"ListItem\",\"position\":2,\"name\":\"Home\"}]},{\"@type\":\"WebSite\",\"@id\":\"https:\\\/\\\/luggenetwork.de\\\/lugge2\\\/#website\",\"url\":\"https:\\\/\\\/luggenetwork.de\\\/lugge2\\\/\",\"name\":\"Reitstall Lugge\",\"description\":\"M\u00fclheim-D\u00fcmpten\",\"potentialAction\":[{\"@type\":\"SearchAction\",\"target\":{\"@type\":\"EntryPoint\",\"urlTemplate\":\"https:\\\/\\\/luggenetwork.de\\\/lugge2\\\/?s={search_term_string}\"},\"query-input\":{\"@type\":\"PropertyValueSpecification\",\"valueRequired\":true,\"valueName\":\"search_term_string\"}}],\"inLanguage\":\"de\"}]}<\/script>\n<!-- \/ Yoast SEO plugin. -->","yoast_head_json":{"title":"Reitstall Lugge in M\u00fclheim","description":"Der Reitstall Hans Lugge im gr\u00fcnen Dreist\u00e4dteeck zwischen M\u00fclheim, Essen und Oberhausen stellt sich vor.","robots":{"index":"index","follow":"follow","max-snippet":"max-snippet:-1","max-image-preview":"max-image-preview:large","max-video-preview":"max-video-preview:-1"},"canonical":"https:\/\/luggenetwork.de\/lugge2\/","og_locale":"de_DE","og_type":"article","og_title":"Reitstall Lugge in M\u00fclheim","og_description":"Der Reitstall Hans Lugge im gr\u00fcnen Dreist\u00e4dteeck zwischen M\u00fclheim, Essen und Oberhausen stellt sich vor.","og_url":"https:\/\/luggenetwork.de\/lugge2\/","og_site_name":"Reitstall Lugge","article_modified_time":"2023-06-13T08:02:43+00:00","og_image":[{"url":"https:\/\/reitstall-lugge.de\/wp-content\/uploads\/sites\/3\/2021\/03\/IMG_0369.jpeg","type":"","width":"","height":""}],"twitter_card":"summary_large_image","twitter_misc":{"Gesch\u00e4tzte Lesezeit":"1\u00a0Minute"},"schema":{"@context":"https:\/\/schema.org","@graph":[{"@type":"WebPage","@id":"https:\/\/luggenetwork.de\/lugge2\/","url":"https:\/\/luggenetwork.de\/lugge2\/","name":"Reitstall Lugge in M\u00fclheim","isPartOf":{"@id":"https:\/\/luggenetwork.de\/lugge2\/#website"},"primaryImageOfPage":{"@id":"https:\/\/luggenetwork.de\/lugge2\/#primaryimage"},"image":{"@id":"https:\/\/luggenetwork.de\/lugge2\/#primaryimage"},"thumbnailUrl":"https:\/\/reitstall-lugge.de\/wp-content\/uploads\/sites\/3\/2021\/03\/IMG_0369.jpeg","datePublished":"2011-11-17T11:16:49+00:00","dateModified":"2023-06-13T08:02:43+00:00","description":"Der Reitstall Hans Lugge im gr\u00fcnen Dreist\u00e4dteeck zwischen M\u00fclheim, Essen und Oberhausen stellt sich vor.","breadcrumb":{"@id":"https:\/\/luggenetwork.de\/lugge2\/#breadcrumb"},"inLanguage":"de","potentialAction":[{"@type":"ReadAction","target":["https:\/\/luggenetwork.de\/lugge2\/"]}]},{"@type":"ImageObject","inLanguage":"de","@id":"https:\/\/luggenetwork.de\/lugge2\/#primaryimage","url":"https:\/\/reitstall-lugge.de\/wp-content\/uploads\/sites\/3\/2021\/03\/IMG_0369.jpeg","contentUrl":"https:\/\/reitstall-lugge.de\/wp-content\/uploads\/sites\/3\/2021\/03\/IMG_0369.jpeg"},{"@type":"BreadcrumbList","@id":"https:\/\/luggenetwork.de\/lugge2\/#breadcrumb","itemListElement":[{"@type":"ListItem","position":1,"name":"Startseite","item":"https:\/\/luggenetwork.de\/lugge2\/"},{"@type":"ListItem","position":2,"name":"Home"}]},{"@type":"WebSite","@id":"https:\/\/luggenetwork.de\/lugge2\/#website","url":"https:\/\/luggenetwork.de\/lugge2\/","name":"Reitstall Lugge","description":"M\u00fclheim-D\u00fcmpten","potentialAction":[{"@type":"SearchAction","target":{"@type":"EntryPoint","urlTemplate":"https:\/\/luggenetwork.de\/lugge2\/?s={search_term_string}"},"query-input":{"@type":"PropertyValueSpecification","valueRequired":true,"valueName":"search_term_string"}}],"inLanguage":"de"}]}},"_links":{"self":[{"href":"https:\/\/luggenetwork.de\/lugge2\/wp-json\/wp\/v2\/pages\/38","targetHints":{"allow":["GET"]}}],"collection":[{"href":"https:\/\/luggenetwork.de\/lugge2\/wp-json\/wp\/v2\/pages"}],"about":[{"href":"https:\/\/luggenetwork.de\/lugge2\/wp-json\/wp\/v2\/types\/page"}],"author":[{"embeddable":true,"href":"https:\/\/luggenetwork.de\/lugge2\/wp-json\/wp\/v2\/users\/1"}],"replies":[{"embeddable":true,"href":"https:\/\/luggenetwork.de\/lugge2\/wp-json\/wp\/v2\/comments?post=38"}],"version-history":[{"count":10,"href":"https:\/\/luggenetwork.de\/lugge2\/wp-json\/wp\/v2\/pages\/38\/revisions"}],"predecessor-version":[{"id":8168,"href":"https:\/\/luggenetwork.de\/lugge2\/wp-json\/wp\/v2\/pages\/38\/revisions\/8168"}],"wp:attachment":[{"href":"https:\/\/luggenetwork.de\/lugge2\/wp-json\/wp\/v2\/media?parent=38"}],"curies":[{"name":"wp","href":"https:\/\/api.w.org\/{rel}","templated":true}]}}