{"id":26,"date":"2011-11-17T10:59:42","date_gmt":"2011-11-17T10:59:42","guid":{"rendered":"https:\/\/www.reitstall-lugge.de\/?page_id=26"},"modified":"2018-05-04T19:34:26","modified_gmt":"2018-05-04T17:34:26","slug":"verkauf","status":"publish","type":"page","link":"https:\/\/luggenetwork.de\/lugge2\/verkauf\/","title":{"rendered":"Verkauf"},"content":{"rendered":"<p><img loading=\"lazy\" decoding=\"async\" class=\"alignleft size-medium wp-image-220\" style=\"margin-left: 0px; margin-right: 20px;\" title=\"Verkauf\" src=\"https:\/\/www.reitstall-lugge.de\/wp-content\/uploads\/2011\/11\/IMG-20131103-WA0002_600px-300x300.jpg\" alt=\"Verkauf\" width=\"300\" height=\"300\" srcset=\"https:\/\/luggenetwork.de\/lugge2\/wp-content\/uploads\/sites\/3\/2011\/11\/IMG-20131103-WA0002_600px-300x300.jpg 300w, https:\/\/luggenetwork.de\/lugge2\/wp-content\/uploads\/sites\/3\/2011\/11\/IMG-20131103-WA0002_600px-150x150.jpg 150w, https:\/\/luggenetwork.de\/lugge2\/wp-content\/uploads\/sites\/3\/2011\/11\/IMG-20131103-WA0002_600px.jpg 800w\" sizes=\"auto, (max-width: 300px) 100vw, 300px\" \/>Auf den folgenden Seiten m\u00f6chten wir Ihnen in naher Zukunft unsere erfolgreichen Nachzuchten und die \u00fcber uns zu erwerbenden Pferde n\u00e4her bringen.<\/p>\n<p>Bei Nachfragen stehen wir gerne zur Verf\u00fcgung. Kontaktdaten finden Sie hier.<\/p>\n","protected":false},"excerpt":{"rendered":"<p>Auf den folgenden Seiten m\u00f6chten wir Ihnen in naher Zukunft unsere erfolgreichen Nachzuchten und die \u00fcber uns zu erwerbenden Pferde n\u00e4her bringen. Bei Nachfragen stehen wir gerne zur Verf\u00fcgung. Kontaktdaten finden Sie hier.<\/p>\n","protected":false},"author":1,"featured_media":0,"parent":0,"menu_order":50,"comment_status":"closed","ping_status":"open","template":"","meta":{"inline_featured_image":false,"ngg_post_thumbnail":0,"footnotes":""},"class_list":["post-26","page","type-page","status-publish","hentry","post-preview"],"yoast_head":"<!-- This site is optimized with the Yoast SEO plugin v27.5 - https:\/\/yoast.com\/product\/yoast-seo-wordpress\/ -->\n<title>Reitstall Hans Lugge - Zucht und Verkauf<\/title>\n<meta name=\"description\" content=\"Auf den folgenden Seiten m\u00f6chten wir Ihnen unsere erfolgreichen Nachzuchten und die \u00fcber uns zu erwerbenden Pferde n\u00e4her bringen.\" \/>\n<meta name=\"robots\" content=\"index, follow, max-snippet:-1, max-image-preview:large, max-video-preview:-1\" \/>\n<link rel=\"canonical\" href=\"https:\/\/luggenetwork.de\/lugge2\/verkauf\/\" \/>\n<meta property=\"og:locale\" content=\"de_DE\" \/>\n<meta property=\"og:type\" content=\"article\" \/>\n<meta property=\"og:title\" content=\"Reitstall Hans Lugge - Zucht und Verkauf\" \/>\n<meta property=\"og:description\" content=\"Auf den folgenden Seiten m\u00f6chten wir Ihnen unsere erfolgreichen Nachzuchten und die \u00fcber uns zu erwerbenden Pferde n\u00e4her bringen.\" \/>\n<meta property=\"og:url\" content=\"https:\/\/luggenetwork.de\/lugge2\/verkauf\/\" \/>\n<meta property=\"og:site_name\" content=\"Reitstall Lugge\" \/>\n<meta property=\"article:modified_time\" content=\"2018-05-04T17:34:26+00:00\" \/>\n<meta property=\"og:image\" content=\"https:\/\/www.reitstall-lugge.de\/wp-content\/uploads\/2011\/11\/IMG-20131103-WA0002_600px-300x300.jpg\" \/>\n<meta name=\"twitter:card\" content=\"summary_large_image\" \/>\n<script type=\"application\/ld+json\" class=\"yoast-schema-graph\">{\"@context\":\"https:\\\/\\\/schema.org\",\"@graph\":[{\"@type\":\"WebPage\",\"@id\":\"https:\\\/\\\/luggenetwork.de\\\/lugge2\\\/verkauf\\\/\",\"url\":\"https:\\\/\\\/luggenetwork.de\\\/lugge2\\\/verkauf\\\/\",\"name\":\"Reitstall Hans Lugge - Zucht und Verkauf\",\"isPartOf\":{\"@id\":\"https:\\\/\\\/luggenetwork.de\\\/lugge2\\\/#website\"},\"primaryImageOfPage\":{\"@id\":\"https:\\\/\\\/luggenetwork.de\\\/lugge2\\\/verkauf\\\/#primaryimage\"},\"image\":{\"@id\":\"https:\\\/\\\/luggenetwork.de\\\/lugge2\\\/verkauf\\\/#primaryimage\"},\"thumbnailUrl\":\"https:\\\/\\\/www.reitstall-lugge.de\\\/wp-content\\\/uploads\\\/2011\\\/11\\\/IMG-20131103-WA0002_600px-300x300.jpg\",\"datePublished\":\"2011-11-17T10:59:42+00:00\",\"dateModified\":\"2018-05-04T17:34:26+00:00\",\"description\":\"Auf den folgenden Seiten m\u00f6chten wir Ihnen unsere erfolgreichen Nachzuchten und die \u00fcber uns zu erwerbenden Pferde n\u00e4her bringen.\",\"breadcrumb\":{\"@id\":\"https:\\\/\\\/luggenetwork.de\\\/lugge2\\\/verkauf\\\/#breadcrumb\"},\"inLanguage\":\"de\",\"potentialAction\":[{\"@type\":\"ReadAction\",\"target\":[\"https:\\\/\\\/luggenetwork.de\\\/lugge2\\\/verkauf\\\/\"]}]},{\"@type\":\"ImageObject\",\"inLanguage\":\"de\",\"@id\":\"https:\\\/\\\/luggenetwork.de\\\/lugge2\\\/verkauf\\\/#primaryimage\",\"url\":\"https:\\\/\\\/www.reitstall-lugge.de\\\/wp-content\\\/uploads\\\/2011\\\/11\\\/IMG-20131103-WA0002_600px-300x300.jpg\",\"contentUrl\":\"https:\\\/\\\/www.reitstall-lugge.de\\\/wp-content\\\/uploads\\\/2011\\\/11\\\/IMG-20131103-WA0002_600px-300x300.jpg\"},{\"@type\":\"BreadcrumbList\",\"@id\":\"https:\\\/\\\/luggenetwork.de\\\/lugge2\\\/verkauf\\\/#breadcrumb\",\"itemListElement\":[{\"@type\":\"ListItem\",\"position\":1,\"name\":\"Startseite\",\"item\":\"https:\\\/\\\/luggenetwork.de\\\/lugge2\\\/\"},{\"@type\":\"ListItem\",\"position\":2,\"name\":\"Verkauf\"}]},{\"@type\":\"WebSite\",\"@id\":\"https:\\\/\\\/luggenetwork.de\\\/lugge2\\\/#website\",\"url\":\"https:\\\/\\\/luggenetwork.de\\\/lugge2\\\/\",\"name\":\"Reitstall Lugge\",\"description\":\"M\u00fclheim-D\u00fcmpten\",\"potentialAction\":[{\"@type\":\"SearchAction\",\"target\":{\"@type\":\"EntryPoint\",\"urlTemplate\":\"https:\\\/\\\/luggenetwork.de\\\/lugge2\\\/?s={search_term_string}\"},\"query-input\":{\"@type\":\"PropertyValueSpecification\",\"valueRequired\":true,\"valueName\":\"search_term_string\"}}],\"inLanguage\":\"de\"}]}<\/script>\n<!-- \/ Yoast SEO plugin. -->","yoast_head_json":{"title":"Reitstall Hans Lugge - Zucht und Verkauf","description":"Auf den folgenden Seiten m\u00f6chten wir Ihnen unsere erfolgreichen Nachzuchten und die \u00fcber uns zu erwerbenden Pferde n\u00e4her bringen.","robots":{"index":"index","follow":"follow","max-snippet":"max-snippet:-1","max-image-preview":"max-image-preview:large","max-video-preview":"max-video-preview:-1"},"canonical":"https:\/\/luggenetwork.de\/lugge2\/verkauf\/","og_locale":"de_DE","og_type":"article","og_title":"Reitstall Hans Lugge - Zucht und Verkauf","og_description":"Auf den folgenden Seiten m\u00f6chten wir Ihnen unsere erfolgreichen Nachzuchten und die \u00fcber uns zu erwerbenden Pferde n\u00e4her bringen.","og_url":"https:\/\/luggenetwork.de\/lugge2\/verkauf\/","og_site_name":"Reitstall Lugge","article_modified_time":"2018-05-04T17:34:26+00:00","og_image":[{"url":"https:\/\/www.reitstall-lugge.de\/wp-content\/uploads\/2011\/11\/IMG-20131103-WA0002_600px-300x300.jpg","type":"","width":"","height":""}],"twitter_card":"summary_large_image","schema":{"@context":"https:\/\/schema.org","@graph":[{"@type":"WebPage","@id":"https:\/\/luggenetwork.de\/lugge2\/verkauf\/","url":"https:\/\/luggenetwork.de\/lugge2\/verkauf\/","name":"Reitstall Hans Lugge - Zucht und Verkauf","isPartOf":{"@id":"https:\/\/luggenetwork.de\/lugge2\/#website"},"primaryImageOfPage":{"@id":"https:\/\/luggenetwork.de\/lugge2\/verkauf\/#primaryimage"},"image":{"@id":"https:\/\/luggenetwork.de\/lugge2\/verkauf\/#primaryimage"},"thumbnailUrl":"https:\/\/www.reitstall-lugge.de\/wp-content\/uploads\/2011\/11\/IMG-20131103-WA0002_600px-300x300.jpg","datePublished":"2011-11-17T10:59:42+00:00","dateModified":"2018-05-04T17:34:26+00:00","description":"Auf den folgenden Seiten m\u00f6chten wir Ihnen unsere erfolgreichen Nachzuchten und die \u00fcber uns zu erwerbenden Pferde n\u00e4her bringen.","breadcrumb":{"@id":"https:\/\/luggenetwork.de\/lugge2\/verkauf\/#breadcrumb"},"inLanguage":"de","potentialAction":[{"@type":"ReadAction","target":["https:\/\/luggenetwork.de\/lugge2\/verkauf\/"]}]},{"@type":"ImageObject","inLanguage":"de","@id":"https:\/\/luggenetwork.de\/lugge2\/verkauf\/#primaryimage","url":"https:\/\/www.reitstall-lugge.de\/wp-content\/uploads\/2011\/11\/IMG-20131103-WA0002_600px-300x300.jpg","contentUrl":"https:\/\/www.reitstall-lugge.de\/wp-content\/uploads\/2011\/11\/IMG-20131103-WA0002_600px-300x300.jpg"},{"@type":"BreadcrumbList","@id":"https:\/\/luggenetwork.de\/lugge2\/verkauf\/#breadcrumb","itemListElement":[{"@type":"ListItem","position":1,"name":"Startseite","item":"https:\/\/luggenetwork.de\/lugge2\/"},{"@type":"ListItem","position":2,"name":"Verkauf"}]},{"@type":"WebSite","@id":"https:\/\/luggenetwork.de\/lugge2\/#website","url":"https:\/\/luggenetwork.de\/lugge2\/","name":"Reitstall Lugge","description":"M\u00fclheim-D\u00fcmpten","potentialAction":[{"@type":"SearchAction","target":{"@type":"EntryPoint","urlTemplate":"https:\/\/luggenetwork.de\/lugge2\/?s={search_term_string}"},"query-input":{"@type":"PropertyValueSpecification","valueRequired":true,"valueName":"search_term_string"}}],"inLanguage":"de"}]}},"_links":{"self":[{"href":"https:\/\/luggenetwork.de\/lugge2\/wp-json\/wp\/v2\/pages\/26","targetHints":{"allow":["GET"]}}],"collection":[{"href":"https:\/\/luggenetwork.de\/lugge2\/wp-json\/wp\/v2\/pages"}],"about":[{"href":"https:\/\/luggenetwork.de\/lugge2\/wp-json\/wp\/v2\/types\/page"}],"author":[{"embeddable":true,"href":"https:\/\/luggenetwork.de\/lugge2\/wp-json\/wp\/v2\/users\/1"}],"replies":[{"embeddable":true,"href":"https:\/\/luggenetwork.de\/lugge2\/wp-json\/wp\/v2\/comments?post=26"}],"version-history":[{"count":0,"href":"https:\/\/luggenetwork.de\/lugge2\/wp-json\/wp\/v2\/pages\/26\/revisions"}],"wp:attachment":[{"href":"https:\/\/luggenetwork.de\/lugge2\/wp-json\/wp\/v2\/media?parent=26"}],"curies":[{"name":"wp","href":"https:\/\/api.w.org\/{rel}","templated":true}]}}