{"id":17,"date":"2011-11-17T10:57:38","date_gmt":"2011-11-17T10:57:38","guid":{"rendered":"https:\/\/www.reitstall-lugge.de\/?page_id=17"},"modified":"2018-04-04T20:20:45","modified_gmt":"2018-04-04T18:20:45","slug":"impressum","status":"publish","type":"page","link":"https:\/\/luggenetwork.de\/lugge2\/impressum\/","title":{"rendered":"Impressum"},"content":{"rendered":"<p><strong><img loading=\"lazy\" decoding=\"async\" class=\"alignleft size-medium wp-image-170\" style=\"margin-left: 0px; margin-right: 20px;\" title=\"Impressum\" src=\"https:\/\/www.reitstall-lugge.de\/wp-content\/uploads\/2011\/11\/IGP0032_600px-198x300.jpg\" alt=\"Impressum\" width=\"198\" height=\"300\" srcset=\"https:\/\/luggenetwork.de\/lugge2\/wp-content\/uploads\/sites\/3\/2011\/11\/IGP0032_600px-198x300.jpg 198w, https:\/\/luggenetwork.de\/lugge2\/wp-content\/uploads\/sites\/3\/2011\/11\/IGP0032_600px.jpg 530w\" sizes=\"auto, (max-width: 198px) 100vw, 198px\" \/>Impressum f\u00fcr den Webauftritt des<\/strong><br \/>\nReitstall Hans Lugge<br \/>\nG\u00e4nseweg 80<br \/>\n45475 M\u00fclheim\/Ruhr<\/p>\n<p>Telefon: 0208 \/ 71498<br \/>\nMobil:&nbsp; 0171 \/ 6496880<\/p>\n<p>E-Mail: <a href=\"mailto: info@reitstall-lugge.de\">info@reitstall-lugge.de<\/a><\/p>\n<p>Inhaltlich Verantwortlicher gem\u00e4\u00df TMG:<br \/>\nHans Lugge<\/p>\n<hr>\n<p><strong>Impressum f\u00fcr den Webauftritt des<\/strong><\/p>\n<p>Reit und Fahrverein Hexbachtal e.V.<br \/>\nHans Lugge<br \/>\nG\u00e4nseweg 80<br \/>\n45475 M\u00fclheim\/Ruhr<\/p>\n<p>Vertretungsberechtigt: Hans Lugge<br \/>\nRegistergericht: Amtsgericht Duisburg<br \/>\nRegisternummer: VR920<\/p>\n<p>&nbsp;<\/p>\n<p><strong>Inhaltlich Verantwortlicher gem\u00e4\u00df TMG<\/strong><br \/>\nHans Lugge<br \/>\nG\u00e4nseweg 80<br \/>\n45475 M\u00fclheim\/Ruhr<\/p>\n<p>Telefon: 0208 \/ 71498<br \/>\nMobil:&nbsp; 0171 \/ 6496880<\/p>\n<p>E-Mail: <a href=\"mailto: info@reitstall-lugge.de\">info@reitstall-lugge.de<\/a><\/p>\n<h4>Bildnachweis:<\/h4>\n<p>Sofern nicht anders aufgef\u00fchrt:<br \/>\n<span style=\"color: #000000;\">Bilder: Norbert Tuschen, <a style=\"color: #000000;\" href=\"http:\/\/nofkabu.de\" target=\"_blank\" rel=\"noopener\">http:\/\/nofkabu.de<\/a><\/span><\/p>\n<h4>Soziale Medien:<\/h4>\n<p>Dieses Impressum gilt ausdr\u00fccklich auch f\u00fcr die Auftritte bei <a title=\"Facebook-Auftritt\" href=\"https:\/\/www.facebook.com\/ReitstallLugge\" target=\"_blank\" rel=\"noopener\">Facebook<\/a> und <a title=\"Zum Auftritt bei Twitter\" href=\"https:\/\/twitter.com\/ReitstallLugge\" target=\"_blank\" rel=\"noopener\">Twitter<\/a>.<\/p>\n<h4>Datenschutz<\/h4>\n<p>Datenschutz ist uns wichtig. Trotzdem setzen wir zur Optimierung unserer Webseiten ein Werkzeug ein, dass es uns erm\u00f6glicht Besuche auszuwerten.<\/p>\n<p>Es werden hierbei aber keine personenbezogenen Daten erhoben. Daten, die einen R\u00fcckschluss auf einen Benutzer erm\u00f6glichen werden vor dem Speichern anonymisiert. IP-Adressen werden gek\u00fcrzt.<\/p>\n<p>Aktueller Status:<br \/>\n<iframe loading=\"lazy\" style=\"border: 0; height: 200px; width: 600px;\" src=\"https:\/\/www.vico.net\/piwik\/index.php?module=CoreAdminHome&amp;action=optOut&amp;language=de&amp;backgroundColor=&amp;fontColor=ac1a00&amp;fontSize=&amp;fontFamily=\" width=\"300\" height=\"150\"><\/iframe><\/p>\n","protected":false},"excerpt":{"rendered":"<p>Impressum f\u00fcr den Webauftritt des Reitstall Hans Lugge G\u00e4nseweg 80 45475 M\u00fclheim\/Ruhr Telefon: 0208 \/ 71498 Mobil:&nbsp; 0171 \/ 6496880 E-Mail: info@reitstall-lugge.de Inhaltlich Verantwortlicher gem\u00e4\u00df TMG: Hans Lugge Impressum f\u00fcr den Webauftritt des Reit und Fahrverein Hexbachtal e.V. Hans Lugge G\u00e4nseweg 80 45475 M\u00fclheim\/Ruhr Vertretungsberechtigt: Hans Lugge Registergericht: Amtsgericht Duisburg Registernummer: VR920 &nbsp; Inhaltlich Verantwortlicher [&hellip;]<\/p>\n","protected":false},"author":1,"featured_media":0,"parent":0,"menu_order":100,"comment_status":"closed","ping_status":"open","template":"","meta":{"inline_featured_image":false,"ngg_post_thumbnail":0,"footnotes":""},"class_list":["post-17","page","type-page","status-publish","hentry","post-preview"],"yoast_head":"<!-- This site is optimized with the Yoast SEO plugin v27.5 - https:\/\/yoast.com\/product\/yoast-seo-wordpress\/ -->\n<title>Impressum - Reitstall Hans Lugge und Reit- und Fahrverein Hexbachtal<\/title>\n<meta name=\"description\" content=\"Impressum f\u00fcr den Webauftritt des Reitstall Hans Lugge und den Reit- und Fahrverein Hexbachtal e.V.\" \/>\n<meta name=\"robots\" content=\"index, follow, max-snippet:-1, max-image-preview:large, max-video-preview:-1\" \/>\n<link rel=\"canonical\" href=\"https:\/\/luggenetwork.de\/lugge2\/impressum\/\" \/>\n<meta property=\"og:locale\" content=\"de_DE\" \/>\n<meta property=\"og:type\" content=\"article\" \/>\n<meta property=\"og:title\" content=\"Impressum - Reitstall Hans Lugge und Reit- und Fahrverein Hexbachtal\" \/>\n<meta property=\"og:description\" content=\"Impressum f\u00fcr den Webauftritt des Reitstall Hans Lugge und den Reit- und Fahrverein Hexbachtal e.V.\" \/>\n<meta property=\"og:url\" content=\"https:\/\/luggenetwork.de\/lugge2\/impressum\/\" \/>\n<meta property=\"og:site_name\" content=\"Reitstall Lugge\" \/>\n<meta property=\"article:modified_time\" content=\"2018-04-04T18:20:45+00:00\" \/>\n<meta property=\"og:image\" content=\"https:\/\/www.reitstall-lugge.de\/wp-content\/uploads\/2011\/11\/IGP0032_600px-198x300.jpg\" \/>\n<meta name=\"twitter:card\" content=\"summary_large_image\" \/>\n<meta name=\"twitter:label1\" content=\"Gesch\u00e4tzte Lesezeit\" \/>\n\t<meta name=\"twitter:data1\" content=\"1\u00a0Minute\" \/>\n<script type=\"application\/ld+json\" class=\"yoast-schema-graph\">{\"@context\":\"https:\\\/\\\/schema.org\",\"@graph\":[{\"@type\":\"WebPage\",\"@id\":\"https:\\\/\\\/luggenetwork.de\\\/lugge2\\\/impressum\\\/\",\"url\":\"https:\\\/\\\/luggenetwork.de\\\/lugge2\\\/impressum\\\/\",\"name\":\"Impressum - Reitstall Hans Lugge und Reit- und Fahrverein Hexbachtal\",\"isPartOf\":{\"@id\":\"https:\\\/\\\/luggenetwork.de\\\/lugge2\\\/#website\"},\"primaryImageOfPage\":{\"@id\":\"https:\\\/\\\/luggenetwork.de\\\/lugge2\\\/impressum\\\/#primaryimage\"},\"image\":{\"@id\":\"https:\\\/\\\/luggenetwork.de\\\/lugge2\\\/impressum\\\/#primaryimage\"},\"thumbnailUrl\":\"https:\\\/\\\/www.reitstall-lugge.de\\\/wp-content\\\/uploads\\\/2011\\\/11\\\/IGP0032_600px-198x300.jpg\",\"datePublished\":\"2011-11-17T10:57:38+00:00\",\"dateModified\":\"2018-04-04T18:20:45+00:00\",\"description\":\"Impressum f\u00fcr den Webauftritt des Reitstall Hans Lugge und den Reit- und Fahrverein Hexbachtal e.V.\",\"breadcrumb\":{\"@id\":\"https:\\\/\\\/luggenetwork.de\\\/lugge2\\\/impressum\\\/#breadcrumb\"},\"inLanguage\":\"de\",\"potentialAction\":[{\"@type\":\"ReadAction\",\"target\":[\"https:\\\/\\\/luggenetwork.de\\\/lugge2\\\/impressum\\\/\"]}]},{\"@type\":\"ImageObject\",\"inLanguage\":\"de\",\"@id\":\"https:\\\/\\\/luggenetwork.de\\\/lugge2\\\/impressum\\\/#primaryimage\",\"url\":\"https:\\\/\\\/www.reitstall-lugge.de\\\/wp-content\\\/uploads\\\/2011\\\/11\\\/IGP0032_600px-198x300.jpg\",\"contentUrl\":\"https:\\\/\\\/www.reitstall-lugge.de\\\/wp-content\\\/uploads\\\/2011\\\/11\\\/IGP0032_600px-198x300.jpg\"},{\"@type\":\"BreadcrumbList\",\"@id\":\"https:\\\/\\\/luggenetwork.de\\\/lugge2\\\/impressum\\\/#breadcrumb\",\"itemListElement\":[{\"@type\":\"ListItem\",\"position\":1,\"name\":\"Startseite\",\"item\":\"https:\\\/\\\/luggenetwork.de\\\/lugge2\\\/\"},{\"@type\":\"ListItem\",\"position\":2,\"name\":\"Impressum\"}]},{\"@type\":\"WebSite\",\"@id\":\"https:\\\/\\\/luggenetwork.de\\\/lugge2\\\/#website\",\"url\":\"https:\\\/\\\/luggenetwork.de\\\/lugge2\\\/\",\"name\":\"Reitstall Lugge\",\"description\":\"M\u00fclheim-D\u00fcmpten\",\"potentialAction\":[{\"@type\":\"SearchAction\",\"target\":{\"@type\":\"EntryPoint\",\"urlTemplate\":\"https:\\\/\\\/luggenetwork.de\\\/lugge2\\\/?s={search_term_string}\"},\"query-input\":{\"@type\":\"PropertyValueSpecification\",\"valueRequired\":true,\"valueName\":\"search_term_string\"}}],\"inLanguage\":\"de\"}]}<\/script>\n<!-- \/ Yoast SEO plugin. -->","yoast_head_json":{"title":"Impressum - Reitstall Hans Lugge und Reit- und Fahrverein Hexbachtal","description":"Impressum f\u00fcr den Webauftritt des Reitstall Hans Lugge und den Reit- und Fahrverein Hexbachtal e.V.","robots":{"index":"index","follow":"follow","max-snippet":"max-snippet:-1","max-image-preview":"max-image-preview:large","max-video-preview":"max-video-preview:-1"},"canonical":"https:\/\/luggenetwork.de\/lugge2\/impressum\/","og_locale":"de_DE","og_type":"article","og_title":"Impressum - Reitstall Hans Lugge und Reit- und Fahrverein Hexbachtal","og_description":"Impressum f\u00fcr den Webauftritt des Reitstall Hans Lugge und den Reit- und Fahrverein Hexbachtal e.V.","og_url":"https:\/\/luggenetwork.de\/lugge2\/impressum\/","og_site_name":"Reitstall Lugge","article_modified_time":"2018-04-04T18:20:45+00:00","og_image":[{"url":"https:\/\/www.reitstall-lugge.de\/wp-content\/uploads\/2011\/11\/IGP0032_600px-198x300.jpg","type":"","width":"","height":""}],"twitter_card":"summary_large_image","twitter_misc":{"Gesch\u00e4tzte Lesezeit":"1\u00a0Minute"},"schema":{"@context":"https:\/\/schema.org","@graph":[{"@type":"WebPage","@id":"https:\/\/luggenetwork.de\/lugge2\/impressum\/","url":"https:\/\/luggenetwork.de\/lugge2\/impressum\/","name":"Impressum - Reitstall Hans Lugge und Reit- und Fahrverein Hexbachtal","isPartOf":{"@id":"https:\/\/luggenetwork.de\/lugge2\/#website"},"primaryImageOfPage":{"@id":"https:\/\/luggenetwork.de\/lugge2\/impressum\/#primaryimage"},"image":{"@id":"https:\/\/luggenetwork.de\/lugge2\/impressum\/#primaryimage"},"thumbnailUrl":"https:\/\/www.reitstall-lugge.de\/wp-content\/uploads\/2011\/11\/IGP0032_600px-198x300.jpg","datePublished":"2011-11-17T10:57:38+00:00","dateModified":"2018-04-04T18:20:45+00:00","description":"Impressum f\u00fcr den Webauftritt des Reitstall Hans Lugge und den Reit- und Fahrverein Hexbachtal e.V.","breadcrumb":{"@id":"https:\/\/luggenetwork.de\/lugge2\/impressum\/#breadcrumb"},"inLanguage":"de","potentialAction":[{"@type":"ReadAction","target":["https:\/\/luggenetwork.de\/lugge2\/impressum\/"]}]},{"@type":"ImageObject","inLanguage":"de","@id":"https:\/\/luggenetwork.de\/lugge2\/impressum\/#primaryimage","url":"https:\/\/www.reitstall-lugge.de\/wp-content\/uploads\/2011\/11\/IGP0032_600px-198x300.jpg","contentUrl":"https:\/\/www.reitstall-lugge.de\/wp-content\/uploads\/2011\/11\/IGP0032_600px-198x300.jpg"},{"@type":"BreadcrumbList","@id":"https:\/\/luggenetwork.de\/lugge2\/impressum\/#breadcrumb","itemListElement":[{"@type":"ListItem","position":1,"name":"Startseite","item":"https:\/\/luggenetwork.de\/lugge2\/"},{"@type":"ListItem","position":2,"name":"Impressum"}]},{"@type":"WebSite","@id":"https:\/\/luggenetwork.de\/lugge2\/#website","url":"https:\/\/luggenetwork.de\/lugge2\/","name":"Reitstall Lugge","description":"M\u00fclheim-D\u00fcmpten","potentialAction":[{"@type":"SearchAction","target":{"@type":"EntryPoint","urlTemplate":"https:\/\/luggenetwork.de\/lugge2\/?s={search_term_string}"},"query-input":{"@type":"PropertyValueSpecification","valueRequired":true,"valueName":"search_term_string"}}],"inLanguage":"de"}]}},"_links":{"self":[{"href":"https:\/\/luggenetwork.de\/lugge2\/wp-json\/wp\/v2\/pages\/17","targetHints":{"allow":["GET"]}}],"collection":[{"href":"https:\/\/luggenetwork.de\/lugge2\/wp-json\/wp\/v2\/pages"}],"about":[{"href":"https:\/\/luggenetwork.de\/lugge2\/wp-json\/wp\/v2\/types\/page"}],"author":[{"embeddable":true,"href":"https:\/\/luggenetwork.de\/lugge2\/wp-json\/wp\/v2\/users\/1"}],"replies":[{"embeddable":true,"href":"https:\/\/luggenetwork.de\/lugge2\/wp-json\/wp\/v2\/comments?post=17"}],"version-history":[{"count":1,"href":"https:\/\/luggenetwork.de\/lugge2\/wp-json\/wp\/v2\/pages\/17\/revisions"}],"predecessor-version":[{"id":3212,"href":"https:\/\/luggenetwork.de\/lugge2\/wp-json\/wp\/v2\/pages\/17\/revisions\/3212"}],"wp:attachment":[{"href":"https:\/\/luggenetwork.de\/lugge2\/wp-json\/wp\/v2\/media?parent=17"}],"curies":[{"name":"wp","href":"https:\/\/api.w.org\/{rel}","templated":true}]}}