{"id":166,"date":"2013-10-31T13:49:17","date_gmt":"2013-10-31T12:49:17","guid":{"rendered":"https:\/\/www.reitstall-lugge.de\/?page_id=166"},"modified":"2013-11-01T09:49:24","modified_gmt":"2013-11-01T08:49:24","slug":"rechtliches","status":"publish","type":"page","link":"https:\/\/luggenetwork.de\/lugge2\/impressum\/rechtliches\/","title":{"rendered":"Rechtliches"},"content":{"rendered":"<h3><img loading=\"lazy\" decoding=\"async\" class=\"alignleft size-medium wp-image-167\" style=\"margin-left: 0px; margin-right: 20px;\" title=\"Rechtliches\" alt=\"Rechtliches\" src=\"https:\/\/www.reitstall-lugge.de\/wp-content\/uploads\/2013\/10\/IGP0025_600px-198x300.jpg\" width=\"198\" height=\"300\" srcset=\"https:\/\/luggenetwork.de\/lugge2\/wp-content\/uploads\/sites\/3\/2013\/10\/IGP0025_600px-198x300.jpg 198w, https:\/\/luggenetwork.de\/lugge2\/wp-content\/uploads\/sites\/3\/2013\/10\/IGP0025_600px.jpg 530w\" sizes=\"auto, (max-width: 198px) 100vw, 198px\" \/>An dieser Stelle einige Links zu Regelwerken:<\/p>\n<p>Freizeitsportpferde<\/h3>\n<p><a href=\"http:\/\/www.pferd-aktuell.de\/regelwerke\/ausbildungs--und-pruefungs-ordnung-apo\/ausbildungs--und-pruefungs-ordnung-apo\" target=\"_blank\">Ausbildungs-Pr\u00fcfungs-Ordnung (APO)<\/a><br \/>\n<a href=\"http:\/\/www.pferd-aktuell.de\/lpo2013\/leistungs-pruefungs-ordnung-lpo\" target=\"_blank\">Aufgabenheft gem\u00e4\u00df Leistungs-Pr\u00fcfungs-Ordnung (LPO)<\/a><br \/>\n<a href=\"http:\/\/www.pferd-aktuell.de\/wbo\/wettbewerbsordnung-wbo\" target=\"_blank\">Wettbewerbsordnung (WBO)<\/a><\/p>\n","protected":false},"excerpt":{"rendered":"<p>An dieser Stelle einige Links zu Regelwerken: Freizeitsportpferde Ausbildungs-Pr\u00fcfungs-Ordnung (APO) Aufgabenheft gem\u00e4\u00df Leistungs-Pr\u00fcfungs-Ordnung (LPO) Wettbewerbsordnung (WBO)<\/p>\n","protected":false},"author":1,"featured_media":0,"parent":17,"menu_order":99,"comment_status":"closed","ping_status":"open","template":"","meta":{"inline_featured_image":false,"ngg_post_thumbnail":0,"footnotes":""},"class_list":["post-166","page","type-page","status-publish","hentry","post-preview"],"yoast_head":"<!-- This site is optimized with the Yoast SEO plugin v27.4 - https:\/\/yoast.com\/product\/yoast-seo-wordpress\/ -->\n<title>Rechtliches - Reitstall Lugge<\/title>\n<meta name=\"robots\" content=\"index, follow, max-snippet:-1, max-image-preview:large, max-video-preview:-1\" \/>\n<link rel=\"canonical\" href=\"https:\/\/luggenetwork.de\/lugge2\/impressum\/rechtliches\/\" \/>\n<meta property=\"og:locale\" content=\"de_DE\" \/>\n<meta property=\"og:type\" content=\"article\" \/>\n<meta property=\"og:title\" content=\"Rechtliches - Reitstall Lugge\" \/>\n<meta property=\"og:description\" content=\"An dieser Stelle einige Links zu Regelwerken: Freizeitsportpferde Ausbildungs-Pr\u00fcfungs-Ordnung (APO) Aufgabenheft gem\u00e4\u00df Leistungs-Pr\u00fcfungs-Ordnung (LPO) Wettbewerbsordnung (WBO)\" \/>\n<meta property=\"og:url\" content=\"https:\/\/luggenetwork.de\/lugge2\/impressum\/rechtliches\/\" \/>\n<meta property=\"og:site_name\" content=\"Reitstall Lugge\" \/>\n<meta property=\"article:modified_time\" content=\"2013-11-01T08:49:24+00:00\" \/>\n<meta property=\"og:image\" content=\"https:\/\/www.reitstall-lugge.de\/wp-content\/uploads\/2013\/10\/IGP0025_600px-198x300.jpg\" \/>\n<meta name=\"twitter:card\" content=\"summary_large_image\" \/>\n<script type=\"application\/ld+json\" class=\"yoast-schema-graph\">{\"@context\":\"https:\\\/\\\/schema.org\",\"@graph\":[{\"@type\":\"WebPage\",\"@id\":\"https:\\\/\\\/luggenetwork.de\\\/lugge2\\\/impressum\\\/rechtliches\\\/\",\"url\":\"https:\\\/\\\/luggenetwork.de\\\/lugge2\\\/impressum\\\/rechtliches\\\/\",\"name\":\"Rechtliches - Reitstall Lugge\",\"isPartOf\":{\"@id\":\"https:\\\/\\\/luggenetwork.de\\\/lugge2\\\/#website\"},\"primaryImageOfPage\":{\"@id\":\"https:\\\/\\\/luggenetwork.de\\\/lugge2\\\/impressum\\\/rechtliches\\\/#primaryimage\"},\"image\":{\"@id\":\"https:\\\/\\\/luggenetwork.de\\\/lugge2\\\/impressum\\\/rechtliches\\\/#primaryimage\"},\"thumbnailUrl\":\"https:\\\/\\\/www.reitstall-lugge.de\\\/wp-content\\\/uploads\\\/2013\\\/10\\\/IGP0025_600px-198x300.jpg\",\"datePublished\":\"2013-10-31T12:49:17+00:00\",\"dateModified\":\"2013-11-01T08:49:24+00:00\",\"breadcrumb\":{\"@id\":\"https:\\\/\\\/luggenetwork.de\\\/lugge2\\\/impressum\\\/rechtliches\\\/#breadcrumb\"},\"inLanguage\":\"de\",\"potentialAction\":[{\"@type\":\"ReadAction\",\"target\":[\"https:\\\/\\\/luggenetwork.de\\\/lugge2\\\/impressum\\\/rechtliches\\\/\"]}]},{\"@type\":\"ImageObject\",\"inLanguage\":\"de\",\"@id\":\"https:\\\/\\\/luggenetwork.de\\\/lugge2\\\/impressum\\\/rechtliches\\\/#primaryimage\",\"url\":\"https:\\\/\\\/www.reitstall-lugge.de\\\/wp-content\\\/uploads\\\/2013\\\/10\\\/IGP0025_600px-198x300.jpg\",\"contentUrl\":\"https:\\\/\\\/www.reitstall-lugge.de\\\/wp-content\\\/uploads\\\/2013\\\/10\\\/IGP0025_600px-198x300.jpg\"},{\"@type\":\"BreadcrumbList\",\"@id\":\"https:\\\/\\\/luggenetwork.de\\\/lugge2\\\/impressum\\\/rechtliches\\\/#breadcrumb\",\"itemListElement\":[{\"@type\":\"ListItem\",\"position\":1,\"name\":\"Startseite\",\"item\":\"https:\\\/\\\/luggenetwork.de\\\/lugge2\\\/\"},{\"@type\":\"ListItem\",\"position\":2,\"name\":\"Impressum\",\"item\":\"https:\\\/\\\/luggenetwork.de\\\/lugge2\\\/impressum\\\/\"},{\"@type\":\"ListItem\",\"position\":3,\"name\":\"Rechtliches\"}]},{\"@type\":\"WebSite\",\"@id\":\"https:\\\/\\\/luggenetwork.de\\\/lugge2\\\/#website\",\"url\":\"https:\\\/\\\/luggenetwork.de\\\/lugge2\\\/\",\"name\":\"Reitstall Lugge\",\"description\":\"M\u00fclheim-D\u00fcmpten\",\"potentialAction\":[{\"@type\":\"SearchAction\",\"target\":{\"@type\":\"EntryPoint\",\"urlTemplate\":\"https:\\\/\\\/luggenetwork.de\\\/lugge2\\\/?s={search_term_string}\"},\"query-input\":{\"@type\":\"PropertyValueSpecification\",\"valueRequired\":true,\"valueName\":\"search_term_string\"}}],\"inLanguage\":\"de\"}]}<\/script>\n<!-- \/ Yoast SEO plugin. -->","yoast_head_json":{"title":"Rechtliches - Reitstall Lugge","robots":{"index":"index","follow":"follow","max-snippet":"max-snippet:-1","max-image-preview":"max-image-preview:large","max-video-preview":"max-video-preview:-1"},"canonical":"https:\/\/luggenetwork.de\/lugge2\/impressum\/rechtliches\/","og_locale":"de_DE","og_type":"article","og_title":"Rechtliches - Reitstall Lugge","og_description":"An dieser Stelle einige Links zu Regelwerken: Freizeitsportpferde Ausbildungs-Pr\u00fcfungs-Ordnung (APO) Aufgabenheft gem\u00e4\u00df Leistungs-Pr\u00fcfungs-Ordnung (LPO) Wettbewerbsordnung (WBO)","og_url":"https:\/\/luggenetwork.de\/lugge2\/impressum\/rechtliches\/","og_site_name":"Reitstall Lugge","article_modified_time":"2013-11-01T08:49:24+00:00","og_image":[{"url":"https:\/\/www.reitstall-lugge.de\/wp-content\/uploads\/2013\/10\/IGP0025_600px-198x300.jpg","type":"","width":"","height":""}],"twitter_card":"summary_large_image","schema":{"@context":"https:\/\/schema.org","@graph":[{"@type":"WebPage","@id":"https:\/\/luggenetwork.de\/lugge2\/impressum\/rechtliches\/","url":"https:\/\/luggenetwork.de\/lugge2\/impressum\/rechtliches\/","name":"Rechtliches - Reitstall Lugge","isPartOf":{"@id":"https:\/\/luggenetwork.de\/lugge2\/#website"},"primaryImageOfPage":{"@id":"https:\/\/luggenetwork.de\/lugge2\/impressum\/rechtliches\/#primaryimage"},"image":{"@id":"https:\/\/luggenetwork.de\/lugge2\/impressum\/rechtliches\/#primaryimage"},"thumbnailUrl":"https:\/\/www.reitstall-lugge.de\/wp-content\/uploads\/2013\/10\/IGP0025_600px-198x300.jpg","datePublished":"2013-10-31T12:49:17+00:00","dateModified":"2013-11-01T08:49:24+00:00","breadcrumb":{"@id":"https:\/\/luggenetwork.de\/lugge2\/impressum\/rechtliches\/#breadcrumb"},"inLanguage":"de","potentialAction":[{"@type":"ReadAction","target":["https:\/\/luggenetwork.de\/lugge2\/impressum\/rechtliches\/"]}]},{"@type":"ImageObject","inLanguage":"de","@id":"https:\/\/luggenetwork.de\/lugge2\/impressum\/rechtliches\/#primaryimage","url":"https:\/\/www.reitstall-lugge.de\/wp-content\/uploads\/2013\/10\/IGP0025_600px-198x300.jpg","contentUrl":"https:\/\/www.reitstall-lugge.de\/wp-content\/uploads\/2013\/10\/IGP0025_600px-198x300.jpg"},{"@type":"BreadcrumbList","@id":"https:\/\/luggenetwork.de\/lugge2\/impressum\/rechtliches\/#breadcrumb","itemListElement":[{"@type":"ListItem","position":1,"name":"Startseite","item":"https:\/\/luggenetwork.de\/lugge2\/"},{"@type":"ListItem","position":2,"name":"Impressum","item":"https:\/\/luggenetwork.de\/lugge2\/impressum\/"},{"@type":"ListItem","position":3,"name":"Rechtliches"}]},{"@type":"WebSite","@id":"https:\/\/luggenetwork.de\/lugge2\/#website","url":"https:\/\/luggenetwork.de\/lugge2\/","name":"Reitstall Lugge","description":"M\u00fclheim-D\u00fcmpten","potentialAction":[{"@type":"SearchAction","target":{"@type":"EntryPoint","urlTemplate":"https:\/\/luggenetwork.de\/lugge2\/?s={search_term_string}"},"query-input":{"@type":"PropertyValueSpecification","valueRequired":true,"valueName":"search_term_string"}}],"inLanguage":"de"}]}},"_links":{"self":[{"href":"https:\/\/luggenetwork.de\/lugge2\/wp-json\/wp\/v2\/pages\/166","targetHints":{"allow":["GET"]}}],"collection":[{"href":"https:\/\/luggenetwork.de\/lugge2\/wp-json\/wp\/v2\/pages"}],"about":[{"href":"https:\/\/luggenetwork.de\/lugge2\/wp-json\/wp\/v2\/types\/page"}],"author":[{"embeddable":true,"href":"https:\/\/luggenetwork.de\/lugge2\/wp-json\/wp\/v2\/users\/1"}],"replies":[{"embeddable":true,"href":"https:\/\/luggenetwork.de\/lugge2\/wp-json\/wp\/v2\/comments?post=166"}],"version-history":[{"count":0,"href":"https:\/\/luggenetwork.de\/lugge2\/wp-json\/wp\/v2\/pages\/166\/revisions"}],"up":[{"embeddable":true,"href":"https:\/\/luggenetwork.de\/lugge2\/wp-json\/wp\/v2\/pages\/17"}],"wp:attachment":[{"href":"https:\/\/luggenetwork.de\/lugge2\/wp-json\/wp\/v2\/media?parent=166"}],"curies":[{"name":"wp","href":"https:\/\/api.w.org\/{rel}","templated":true}]}}